{"id":883,"date":"2016-06-06T13:42:55","date_gmt":"2016-06-06T16:42:55","guid":{"rendered":"http:\/\/cn.cnmza.org.ar\/?page_id=883"},"modified":"2021-08-03T09:43:54","modified_gmt":"2021-08-03T12:43:54","slug":"formularios","status":"publish","type":"page","link":"https:\/\/cn.cnmza.org.ar\/?page_id=883","title":{"rendered":"Formularios \u00fatiles"},"content":{"rendered":"<div class=\"contents contents-2 cf\">\r\n<div class=\"content equal-height\">\r\n<h2>Formularios Zona de Frontera<\/h2>\r\n<ul>\r\n<strong><a href=\"https:\/\/www.argentina.gob.ar\/solicitud-de-previa-conformidad\/formularios-solicitud-de-previa-conformidad\" rel=\"noopener\" target=\"_blank\"><h3>Clickee aqu\u00ed para visualizar todos los formularios de Solicitud de Previa Conformidad<h3><\/a><\/strong>\r\n<\/strong>\r\n<a href=\"https:\/\/www.argentina.gob.ar\/solicitud-de-previa-conformidad\/formularios-solicitud-de-previa-conformidad\" rel=\"noopener\" target=\"_blank\"><h3>Formulario 1: Solicitud de previa conformidad<h3><\/a>\r\n<a href=\"https:\/\/www.argentina.gob.ar\/solicitud-de-previa-conformidad\/formularios-solicitud-de-previa-conformidad\" rel=\"noopener\" target=\"_blank\"><h3>Formulario 2: Antecedentes del solicitante<h3><\/a>\r\n<a href=\"https:\/\/www.argentina.gob.ar\/solicitud-de-previa-conformidad\/formularios-solicitud-de-previa-conformidad\" rel=\"noopener\" target=\"_blank\"><h3>Formulario 3: Antecedentes del inmueble<h3><\/a>\r\n<a href=\"https:\/\/www.argentina.gob.ar\/solicitud-de-previa-conformidad\/formularios-solicitud-de-previa-conformidad\" rel=\"noopener\" target=\"_blank\"><h3>Formulario 4: Antecedentes de compa\u00f1\u00edas, sociedades y asociaciones<h3><\/a>\r\n<h3>Formulario 5: Declaraci\u00f3n jurada para argentinos nativos o por opci\u00f3n y naturalizados con m\u00e1s de 5 a\u00f1os de naturalizaci\u00f3n<h3>\r\n<a href=\"https:\/\/www.argentina.gob.ar\/solicitud-de-previa-conformidad\/formularios-solicitud-de-previa-conformidad\" rel=\"noopener\" target=\"_blank\"><h3>Formulario 6: Declaraci\u00f3n jurada de inmuebles urbanos<h3><\/a>\r\n<a href=\"https:\/\/www.argentina.gob.ar\/solicitud-de-previa-conformidad\/formularios-solicitud-de-previa-conformidad\" rel=\"noopener\" target=\"_blank\"><h3>Formulario 7: Declaraci\u00f3n jurada para tr\u00e1mite abreviado<h3><\/a>\r\n<a href=\"https:\/\/www.argentina.gob.ar\/solicitud-de-previa-conformidad\/formularios-solicitud-de-previa-conformidad\" rel=\"noopener\" target=\"_blank\"><h3>Formulario 8: Inscripci\u00f3n de Escribanos P\u00fablicos Actuales<h3><\/a>\r\n\r\n\r\n\t\r\n<\/ul>\r\n<\/div>\r\n<\/div>\r\n","protected":false},"excerpt":{"rendered":"Formularios Zona de Frontera Clickee aqu\u00ed para visualizar todos los formularios de Solicitud de Previa Conformidad Formulario 1: Solicitud de previa conformidad Formulario 2: Antecedentes del solicitante Formulario 3: Antecedentes del inmueble Formulario 4: Antecedentes de compa\u00f1\u00edas, sociedades y asociaciones Formulario 5: Declaraci\u00f3n jurada para argentinos nativos o por opci\u00f3n y naturalizados con m\u00e1s de [&hellip;]","protected":false},"author":19,"featured_media":0,"parent":19,"menu_order":0,"comment_status":"closed","ping_status":"closed","template":"servicios_an_legislacion.php","meta":{"_cbd_carousel_blocks":"[]","footnotes":""},"class_list":["post-883","page","type-page","status-publish","hentry"],"_links":{"self":[{"href":"https:\/\/cn.cnmza.org.ar\/index.php?rest_route=\/wp\/v2\/pages\/883","targetHints":{"allow":["GET"]}}],"collection":[{"href":"https:\/\/cn.cnmza.org.ar\/index.php?rest_route=\/wp\/v2\/pages"}],"about":[{"href":"https:\/\/cn.cnmza.org.ar\/index.php?rest_route=\/wp\/v2\/types\/page"}],"author":[{"embeddable":true,"href":"https:\/\/cn.cnmza.org.ar\/index.php?rest_route=\/wp\/v2\/users\/19"}],"replies":[{"embeddable":true,"href":"https:\/\/cn.cnmza.org.ar\/index.php?rest_route=%2Fwp%2Fv2%2Fcomments&post=883"}],"version-history":[{"count":20,"href":"https:\/\/cn.cnmza.org.ar\/index.php?rest_route=\/wp\/v2\/pages\/883\/revisions"}],"predecessor-version":[{"id":5553,"href":"https:\/\/cn.cnmza.org.ar\/index.php?rest_route=\/wp\/v2\/pages\/883\/revisions\/5553"}],"up":[{"embeddable":true,"href":"https:\/\/cn.cnmza.org.ar\/index.php?rest_route=\/wp\/v2\/pages\/19"}],"wp:attachment":[{"href":"https:\/\/cn.cnmza.org.ar\/index.php?rest_route=%2Fwp%2Fv2%2Fmedia&parent=883"}],"curies":[{"name":"wp","href":"https:\/\/api.w.org\/{rel}","templated":true}]}}