{"id":858,"date":"2016-06-06T09:44:58","date_gmt":"2016-06-06T12:44:58","guid":{"rendered":"http:\/\/cn.cnmza.org.ar\/?page_id=858"},"modified":"2016-06-06T12:14:32","modified_gmt":"2016-06-06T15:14:32","slug":"reglamento","status":"publish","type":"page","link":"https:\/\/cn.cnmza.org.ar\/?page_id=858","title":{"rendered":"Reglamento"},"content":{"rendered":"\r\n<h2><b>COMISI\u00d3N DE ESCRIBANOS NOVELES<\/b><\/h2>\r\n<p><span style=\"font-weight: 400;\">La comisi\u00f3n de Escribanos Noveles de la Provincia es un \u00f3rgano dependiente del Colegio de Escribanos de Mendoza, que nuclea a aquellos escribanos que se encuentran dentro de los siete a\u00f1os inclusive de ejercicio de la Profesi\u00f3n, y que tiene por finalidad entre otras, la de funcionar como nexo entre los profesionales que reci\u00e9n comienzan a ejercer \u00e9sta hermosa profesi\u00f3n y el Colegio de Escribanos de la Provincia; fomentar las relaciones de camarader\u00eda entre los notarios noveles para forjar un notariado mas unido y solidario; canalizar las inquietudes y preocupaciones del Notariado Novel para transmitirlas a las autoridades del Colegio Notarial de Mendoza; y representar al notariado novel mendocino ante sus pares nacionales e internacionales.<\/span><\/p>\r\n<p>&nbsp;<\/p>\r\n<p><b>\u00bfC\u00f3mo participar de la Comisi\u00f3n?<\/b><\/p>\r\n<p><span style=\"font-weight: 400;\">La comisi\u00f3n de Escribanos Noveles tiene las puertas abiertas para cualquier Escribano Novel que quiera participar activamente tanto de las reuniones mensuales de la misma como de cualquier otra actividad que se lleve a cabo. No hace falta ser miembro electo de la comisi\u00f3n para poder formar parte de ella. Incluso la comisi\u00f3n invita a quien quiera participar a hacerse presente en las reuniones ordinarias que se llevan a cabo una vez por mes en la sede de alguna de las tres Circunscripciones del colegio de Escribanos. A su vez una vez al a\u00f1o se realiza la Asamblea Anual de Escribanos Noveles en la que todos los escribanos Noveles de la Provincia de Mendoza, pueden volcar en el seno de la misma, todo tipo de inquietudes y opiniones.<\/span><\/p>\r\n<p><b>\u00bfC\u00f3mo formar parte de la Comisi\u00f3n?<\/b><\/p>\r\n<p><span style=\"font-weight: 400;\">Una vez cada dos a\u00f1os se realizan elecciones directas de postulantes, en las cuales los futuros miembros de la comisi\u00f3n son electos por circunscripci\u00f3n del siguiente modo: La Primera Circunscripci\u00f3n elegir\u00e1 cuatro miembros por elecci\u00f3n directa, de los cuales los dos m\u00e1s votados cubrir\u00e1n los cargos de titulares y los siguientes los cargos de suplentes, asimismo el Consejo de Circunscripci\u00f3n elegir\u00e1 otro miembro con el cargo de titular. Para la Segunda y Tercera Circunscripci\u00f3n se elegir\u00e1n respectivamente dos miembros por elecci\u00f3n directa, de los cuales el m\u00e1s votado cubrir\u00e1 el cargo titular y el siguiente el cargo de suplente, asimismo el Consejo de Circunscripci\u00f3n elegir\u00e1 para cada caso otro miembro con el cargo de titular. Los interesados deber\u00e1n postularse presentando una nota en tal sentido dirigida a la Comisi\u00f3n en funciones, dentro de los plazos que \u00e9sta disponga al hacer el llamado a elecciones. Una vez constitu\u00eda la comisi\u00f3n de la forma descripta, en elecci\u00f3n indirecta se distribuyen entre los miembros electos los cargos de Presidente, Vice-Presidente y Secretario.<\/span><\/p>\r\n<p><a href=\"http:\/\/www.cnmza.org.ar\/archivo\/2016\/noveles\/reglamento\/REGLAMENTO-NOVEL-MENDOZA.pdf\" target=\"_blank\"><span style=\"font-weight: 400;\">Reglamento Comision Novel<\/span><\/a><\/p>\r\n","protected":false},"excerpt":{"rendered":"COMISI\u00d3N DE ESCRIBANOS NOVELES La comisi\u00f3n de Escribanos Noveles de la Provincia es un \u00f3rgano dependiente del Colegio de Escribanos de Mendoza, que nuclea a aquellos escribanos que se encuentran dentro de los siete a\u00f1os inclusive de ejercicio de la Profesi\u00f3n, y que tiene por finalidad entre otras, la de funcionar como nexo entre los [&hellip;]","protected":false},"author":19,"featured_media":0,"parent":0,"menu_order":0,"comment_status":"closed","ping_status":"closed","template":"","meta":{"_cbd_carousel_blocks":"[]","footnotes":""},"class_list":["post-858","page","type-page","status-publish","hentry"],"_links":{"self":[{"href":"https:\/\/cn.cnmza.org.ar\/index.php?rest_route=\/wp\/v2\/pages\/858","targetHints":{"allow":["GET"]}}],"collection":[{"href":"https:\/\/cn.cnmza.org.ar\/index.php?rest_route=\/wp\/v2\/pages"}],"about":[{"href":"https:\/\/cn.cnmza.org.ar\/index.php?rest_route=\/wp\/v2\/types\/page"}],"author":[{"embeddable":true,"href":"https:\/\/cn.cnmza.org.ar\/index.php?rest_route=\/wp\/v2\/users\/19"}],"replies":[{"embeddable":true,"href":"https:\/\/cn.cnmza.org.ar\/index.php?rest_route=%2Fwp%2Fv2%2Fcomments&post=858"}],"version-history":[{"count":2,"href":"https:\/\/cn.cnmza.org.ar\/index.php?rest_route=\/wp\/v2\/pages\/858\/revisions"}],"predecessor-version":[{"id":870,"href":"https:\/\/cn.cnmza.org.ar\/index.php?rest_route=\/wp\/v2\/pages\/858\/revisions\/870"}],"wp:attachment":[{"href":"https:\/\/cn.cnmza.org.ar\/index.php?rest_route=%2Fwp%2Fv2%2Fmedia&parent=858"}],"curies":[{"name":"wp","href":"https:\/\/api.w.org\/{rel}","templated":true}]}}