{"id":6877,"date":"2024-06-03T13:29:29","date_gmt":"2024-06-03T16:29:29","guid":{"rendered":"https:\/\/cn.cnmza.org.ar\/?page_id=6877"},"modified":"2024-09-25T10:13:43","modified_gmt":"2024-09-25T13:13:43","slug":"tercera-jornada-notarial-mendocina","status":"publish","type":"page","link":"https:\/\/cn.cnmza.org.ar\/?page_id=6877","title":{"rendered":"Jornada Notarial Mendocina"},"content":{"rendered":"\n<h2 class=\"wp-block-heading\">Tercera Jornada Notarial Mendocina<\/h2>\n\n\n<div class=\"wp-block-image\">\n<figure class=\"aligncenter size-large\"><a href=\"https:\/\/cn.cnmza.org.ar\/wp-content\/uploads\/2024\/06\/Jornada-Notarial-Mendocina.jpg\"><img loading=\"lazy\" decoding=\"async\" width=\"485\" height=\"1024\" src=\"https:\/\/cn.cnmza.org.ar\/wp-content\/uploads\/2024\/06\/Jornada-Notarial-Mendocina-485x1024.jpg\" alt=\"\" class=\"wp-image-6879\" srcset=\"https:\/\/cn.cnmza.org.ar\/wp-content\/uploads\/2024\/06\/Jornada-Notarial-Mendocina-485x1024.jpg 485w, https:\/\/cn.cnmza.org.ar\/wp-content\/uploads\/2024\/06\/Jornada-Notarial-Mendocina-142x300.jpg 142w, https:\/\/cn.cnmza.org.ar\/wp-content\/uploads\/2024\/06\/Jornada-Notarial-Mendocina-768x1622.jpg 768w\" sizes=\"auto, (max-width: 485px) 100vw, 485px\" \/><\/a><\/figure><\/div>\n\n\n<p>\u00a1Se viene el evento acad\u00e9mico del 2024, que promueve el estudio y an\u00e1lisis de temas de relevancia notarial!<\/p>\n\n\n\n<p><a href=\"https:\/\/drive.google.com\/drive\/folders\/1gZbDyPAZkBt-MiDPaE45FomGGSFyYnJh\">Descargar ponencias<\/a><\/p>\n\n\n\n<p>Pautas y Bibliograf\u00eda del encuentro:<\/p>\n\n\n\n<ul class=\"wp-block-list\">\n<li><a href=\"https:\/\/cn.cnmza.org.ar\/wp-content\/uploads\/2024\/06\/Pautas-y-Bibliograf\u00eda-TEMA-I.pdf\">TEMA I<\/a><\/li>\n\n\n\n<li><a href=\"https:\/\/cn.cnmza.org.ar\/wp-content\/uploads\/2024\/06\/Pautas-y-Bibliograf\u00eda-TEMA-II.pdf\">TEMA II<\/a><\/li>\n<\/ul>\n\n\n\n<p><a href=\"https:\/\/cn.cnmza.org.ar\/wp-content\/uploads\/2024\/07\/Reglamento-para-presentaci\u00f3n-de-Ponencias.pdf\">Descargar reglamento para la presentaci\u00f3n de ponencias<\/a><\/p>\n\n\n\n<p><a href=\"https:\/\/cn.cnmza.org.ar\/wp-content\/uploads\/2024\/09\/Reglamento-Gral.pdf\">Descargar Reglamento General<\/a><\/p>\n\n\n\n<p><a href=\"https:\/\/cn.cnmza.org.ar\/wp-content\/uploads\/2024\/09\/Programa-de-Actividades.pdf\">Descargar Programa de Actividades<\/a><\/p>\n\n\n\n<p>Enviar las ponencias al siguiente correo:&nbsp;<strong>jornadanotarialmendocina@cnmza.org.ar<\/strong><\/p>\n\n\n\n<p>Fecha l\u00edmite para la presentaci\u00f3n de ponencias: 12 de septiembre del 2024<\/p>\n\n\n\n<p><strong>Inscripci\u00f3n para la presentaci\u00f3n de ponencias: <a href=\"https:\/\/forms.gle\/rhes5KA2GfD79Y1P6\">Haga click aqu\u00ed<\/a><\/strong><\/p>\n\n\n\n<hr class=\"wp-block-separator has-alpha-channel-opacity\"\/>\n\n\n\n<p>Lugar: Hotel Tower Av. Hip\u00f3lito Yrigoyen 774, San Rafael, Mendoza<\/p>\n\n\n\n<p>Tarifa del 24 de Agosto al 18 de Septiembre.<\/p>\n\n\n\n<p>Notarios Mendocinos $66.125,00 - <a href=\"https:\/\/botonpp.macroclickpago.com.ar\/Link\/18de3fc9-02df-49ff-a805-c1fcd1e5c309\">Click aqu\u00ed<\/a><br>Notarios no Mendocinos $119.025,00 - <a href=\"https:\/\/botonpp.macroclickpago.com.ar\/Link\/6e6a9b95-2fbe-479a-96fb-3b06fc37ee09\">Click aqu\u00ed<\/a><\/p>\n\n\n\n<p><strong>Forma de Inscripci\u00f3n: Se deber\u00e1 llenar el formulario de inscripci\u00f3n y adjuntar el comprobante de pago correspondiente. (REQUISITO OBLIGATORIO):&nbsp;<a href=\"https:\/\/forms.gle\/ABN2GDPJnNzYaPYr7\">Haga clic aqu\u00ed para inscribirse<\/a><\/strong><\/p>\n\n\n\n<p>- Se becar\u00e1 100% de inscripci\u00f3n por presentaci\u00f3n de ponencia, no por autores.<\/p>\n\n\n\n<p>Incluye:<\/p>\n\n\n\n<p>- Asistencia al encuentro que se desarrollar\u00e1 en las instalaciones del Hotel<br>- Coffee break<br>- Almuerzos de ambos d\u00edas<\/p>\n\n\n\n<p>IMPORTANTE: <strong>El que desee hospedarse en el Hotel sede, correr\u00e1 por cuenta de cada interesado el costo.<\/strong><\/p>\n\n\n\n<p>Si te quer\u00e9s hospedar en el&nbsp;Hotel Tower,&nbsp;realiza tu reserva con un precio promocional al correo:&nbsp;<strong>reservas@towersanrafael.com<\/strong><\/p>\n\n\n\n<p><a href=\"https:\/\/cn.cnmza.org.ar\/wp-content\/uploads\/2024\/06\/TARIFAS-ALOJAMIENTO-COLEGIO-NOTARIAL.pdf\">Consulta las tarifas aqu\u00ed<\/a><\/p>\n\n\n\n<p>En caso de no querer hospedarse en el Hotel Tower, te&nbsp;recomendamos&nbsp;diferentes opciones: <a href=\"https:\/\/drive.google.com\/drive\/folders\/1fitB9weaOywFLjcWS7bcYTwOCgHy4ig0?usp=drive_link\">Haga click aqu\u00ed<\/a><\/p>\n\n\n\n<p>Formas de Pago:<\/p>\n\n\n\n<p>-Por cajas de las diferentes sedes del Colegio Notarial de Mendoza<br>-Transferencia bancaria<br>-Tarjeta de cr\u00e9dito (Tarjeta Banco Macro en 3 pagos sin inter\u00e9s.)<\/p>\n\n\n\n<p>Datos cuenta Bancaria para transferencia:<\/p>\n\n\n\n<p>TITULAR: COLEGIO NOTARIAL DE MENDOZA<br>CUIT: 30-54322727-3<br>CBU: 2850408140095455748708<br>ALIAS: capacitacioncs<br>BANCO: MACRO<\/p>\n\n\n\n<h2 class=\"wp-block-heading\">Conclusiones Tercera Jornada Notarial<\/h2>\n\n\n\n<ul class=\"wp-block-list\">\n<li><a href=\"https:\/\/cn.cnmza.org.ar\/wp-content\/uploads\/2024\/09\/Conclusiones-Tema-1-III-JNM.pdf\" data-type=\"link\" data-id=\"https:\/\/cn.cnmza.org.ar\/wp-content\/uploads\/2024\/09\/Conclusiones-Tema-1-III-JNM.pdf\">TEMA I<\/a><\/li>\n\n\n\n<li><a href=\"https:\/\/cn.cnmza.org.ar\/wp-content\/uploads\/2024\/09\/concluisones-tema-2-_-III-JNM.pdf\" data-type=\"link\" data-id=\"https:\/\/cn.cnmza.org.ar\/wp-content\/uploads\/2024\/09\/concluisones-tema-2-_-III-JNM.pdf\">TEMA II<\/a><\/li>\n<\/ul>\n","protected":false},"excerpt":{"rendered":"Tercera Jornada Notarial Mendocina \u00a1Se viene el evento acad\u00e9mico del 2024, que promueve el estudio y an\u00e1lisis de temas de relevancia notarial! Descargar ponencias Pautas y Bibliograf\u00eda del encuentro: Descargar reglamento para la presentaci\u00f3n de ponencias Descargar Reglamento General Descargar Programa de Actividades Enviar las ponencias al siguiente correo:&nbsp;jornadanotarialmendocina@cnmza.org.ar Fecha l\u00edmite para la presentaci\u00f3n de [&hellip;]","protected":false},"author":10,"featured_media":0,"parent":0,"menu_order":0,"comment_status":"closed","ping_status":"closed","template":"","meta":{"_cbd_carousel_blocks":"[]","footnotes":""},"class_list":["post-6877","page","type-page","status-publish","hentry"],"_links":{"self":[{"href":"https:\/\/cn.cnmza.org.ar\/index.php?rest_route=\/wp\/v2\/pages\/6877","targetHints":{"allow":["GET"]}}],"collection":[{"href":"https:\/\/cn.cnmza.org.ar\/index.php?rest_route=\/wp\/v2\/pages"}],"about":[{"href":"https:\/\/cn.cnmza.org.ar\/index.php?rest_route=\/wp\/v2\/types\/page"}],"author":[{"embeddable":true,"href":"https:\/\/cn.cnmza.org.ar\/index.php?rest_route=\/wp\/v2\/users\/10"}],"replies":[{"embeddable":true,"href":"https:\/\/cn.cnmza.org.ar\/index.php?rest_route=%2Fwp%2Fv2%2Fcomments&post=6877"}],"version-history":[{"count":29,"href":"https:\/\/cn.cnmza.org.ar\/index.php?rest_route=\/wp\/v2\/pages\/6877\/revisions"}],"predecessor-version":[{"id":7031,"href":"https:\/\/cn.cnmza.org.ar\/index.php?rest_route=\/wp\/v2\/pages\/6877\/revisions\/7031"}],"wp:attachment":[{"href":"https:\/\/cn.cnmza.org.ar\/index.php?rest_route=%2Fwp%2Fv2%2Fmedia&parent=6877"}],"curies":[{"name":"wp","href":"https:\/\/api.w.org\/{rel}","templated":true}]}}