{"id":6501,"date":"2023-07-03T11:39:47","date_gmt":"2023-07-03T14:39:47","guid":{"rendered":"https:\/\/cn.cnmza.org.ar\/?page_id=6501"},"modified":"2024-01-12T10:28:18","modified_gmt":"2024-01-12T13:28:18","slug":"migraciones","status":"publish","type":"page","link":"https:\/\/cn.cnmza.org.ar\/?page_id=6501","title":{"rendered":"Migraciones"},"content":{"rendered":"\r\n<h1 style=\"font-size: 200%;\"><strong>Autorizaci\u00f3n de Menores<\/strong><\/h1>\r\n<p>Para acceder a la p\u00e1gina para cargar autorizaciones de menores, deber\u00e1 ingresar al\u00a0portal del notario\u00a0<a href=\"https:\/\/plataformanotario.cnmza.org.ar\/personas-web\/\" target=\"_blank\">Plataforma Notario<\/a>\u00a0 y seguir los pasos del Instructivo para cargar autorizaciones<\/p>\r\n<center><strong><a href=\"https:\/\/cn.cnmza.org.ar\/wp-content\/uploads\/2023\/07\/Instructivo-Migraciones.pdf\">Descargar el Instructivo<\/a><\/strong><\/center>\r\n<h2 style=\"padding-top: 0.5cm;\">Preguntas frecuentes<\/h2>\r\n<ul>\r\n\t<li><strong>\u00bfComo puedo solicitar mi usuario y contrase\u00f1a?<\/strong>: Escribir un correo a sistemas@cnmza.org.ar con el asunto \"Alta migraciones\" y especificar en el cuerpo del mensaje los siguientes datos: Nombre completo, DNI y Registro.<\/li>\r\n\t<li><strong>\u00bfQue debo completar los campos\u00a0de Nro. Foja y Nro. Actuaci\u00f3n?<\/strong>: Deber\u00e1 llenar los campos correspondientes con el n\u00famero del insumo seriado con el que se realiz\u00f3 la autorizaci\u00f3n. Nro. de Foja y Nro. de Actuaci\u00f3n debe quedar con el mismo n\u00famero.<\/li>\r\n\t<li><strong>\u00bfPuedo modificar una autorizaci\u00f3n ingresada?<\/strong>: No, solo se puede modificar una autorizaci\u00f3n previamente a ingresarla. Las opciones que muestra son <strong>Ingresar<\/strong> o <strong>Editar<\/strong>.<\/li>\r\n\t<li><strong>\u00bfQue hago en caso de que ingresara una autorizaci\u00f3n con datos erroneos?<\/strong>: Vuelva a cargar la autorizaci\u00f3n con los datos correos y presente la correspondiente al Colegio Notarial.<\/li>\r\n\t<li><strong>\u00bfQue debo hacer una vez ingresada la autorizaci\u00f3n?<\/strong>: Debe imprimirla y presentarla junto a la legalizaci\u00f3n en el \u00e1rea de Legalizaciones del Colegio Notarial.<\/li>\r\n\t<li><strong>\u00bfPuedo cargar m\u00e1s de un acompa\u00f1ante por autorizaci\u00f3n?<\/strong>: No, se realizar\u00e1 la carga de una autorizaci\u00f3n por acompa\u00f1ante.<\/li>\r\n\t<li><strong>\u00bfPor que si especifico que hay 2 autorizantes, no estoy habilitado a cargar al padre como acompa\u00f1antes?<\/strong>. Esto ocurre porque si son 2 autorizantes, se tomaran los datos del padre como acompa\u00f1ante.<\/li>\r\n\t<li><strong>\u00bfPuedo cargar una autorizaci\u00f3n con m\u00e1s de un menor?<\/strong> No, se debe realizar una autorizaci\u00f3n por menor.<\/li>\r\n\t<li><strong>Puedo cargar autorizaciones, pero al momento de imprimirlas, no me abre el archivo<\/strong>: Cuando se descarga el documendo, tenemos que buscarlo en la carpeta de descargar y hacerle click derecho. Seleccionamos la opci\u00f3n \"Cambiar nombre\" y ponemos al final del nombre \".pdf\" quedando, por ejemplo, autorizacion.pdf<\/li>\r\n<\/ul>\r\n<p style=\"text-align: center;\">Consulta t\u00e9cnica<\/p>\r\n<p style=\"text-align: center;\"><strong><a href=\"mailto:sistemas@cnmza.org.ar\">cn.migraciones@cnmza.org.ar<\/a><\/strong><\/p>\r\n","protected":false},"excerpt":{"rendered":"Autorizaci\u00f3n de Menores Para acceder a la p\u00e1gina para cargar autorizaciones de menores, deber\u00e1 ingresar al\u00a0portal del notario\u00a0Plataforma Notario\u00a0 y seguir los pasos del Instructivo para cargar autorizaciones Descargar el Instructivo Preguntas frecuentes \u00bfComo puedo solicitar mi usuario y contrase\u00f1a?: Escribir un correo a sistemas@cnmza.org.ar con el asunto \u00abAlta migraciones\u00bb y especificar en el cuerpo [&hellip;]","protected":false},"author":10,"featured_media":0,"parent":0,"menu_order":0,"comment_status":"closed","ping_status":"closed","template":"","meta":{"_cbd_carousel_blocks":"[]","footnotes":""},"class_list":["post-6501","page","type-page","status-publish","hentry"],"_links":{"self":[{"href":"https:\/\/cn.cnmza.org.ar\/index.php?rest_route=\/wp\/v2\/pages\/6501","targetHints":{"allow":["GET"]}}],"collection":[{"href":"https:\/\/cn.cnmza.org.ar\/index.php?rest_route=\/wp\/v2\/pages"}],"about":[{"href":"https:\/\/cn.cnmza.org.ar\/index.php?rest_route=\/wp\/v2\/types\/page"}],"author":[{"embeddable":true,"href":"https:\/\/cn.cnmza.org.ar\/index.php?rest_route=\/wp\/v2\/users\/10"}],"replies":[{"embeddable":true,"href":"https:\/\/cn.cnmza.org.ar\/index.php?rest_route=%2Fwp%2Fv2%2Fcomments&post=6501"}],"version-history":[{"count":11,"href":"https:\/\/cn.cnmza.org.ar\/index.php?rest_route=\/wp\/v2\/pages\/6501\/revisions"}],"predecessor-version":[{"id":6797,"href":"https:\/\/cn.cnmza.org.ar\/index.php?rest_route=\/wp\/v2\/pages\/6501\/revisions\/6797"}],"wp:attachment":[{"href":"https:\/\/cn.cnmza.org.ar\/index.php?rest_route=%2Fwp%2Fv2%2Fmedia&parent=6501"}],"curies":[{"name":"wp","href":"https:\/\/api.w.org\/{rel}","templated":true}]}}