{"id":6465,"date":"2023-04-03T14:35:10","date_gmt":"2023-04-03T17:35:10","guid":{"rendered":"https:\/\/cn.cnmza.org.ar\/?page_id=6465"},"modified":"2025-06-10T08:26:13","modified_gmt":"2025-06-10T11:26:13","slug":"sistemas-notarios","status":"publish","type":"page","link":"https:\/\/cn.cnmza.org.ar\/?page_id=6465","title":{"rendered":"Sistemas &#8211; Notarios"},"content":{"rendered":"<h1 style=\"font-size: 200%;\">Acceso notarios<\/h1>\r\n<ol style=\"padding-top: 0.5cm;\">\r\n \t<li><strong><a href=\"https:\/\/webmail.cnmza.org.ar\/\" target=\"_blank\" rel=\"noopener\">Webmail (CORREO INSTITUCIONAL)<\/a><\/strong><\/li>\r\n \t<li><strong><a href=\"https:\/\/plataformanotario.cnmza.org.ar\/personas-web\/\" target=\"_blank\" rel=\"noopener\">Ingreso a Perfil \/ Plataforma Notarial<\/a><\/strong><\/li>\r\n<\/ol>\r\nEn su perfil, podr\u00e1 consultar:\r\n<ul>\r\n \t<li>SIFOA<\/li>\r\n \t<li>CREDENCIAL DIGITAL<\/li>\r\n \t<li>RENAPER<\/li>\r\n \t<li>MIGRACIONES<\/li>\r\n \t<li>CERTIFICADO DE APLICACI\u00d3N<\/li>\r\n<\/ul>\r\n<strong>Nuevos servicios:<\/strong>\r\n<ol>\r\n \t<li><strong>Consumos<\/strong><\/li>\r\n \t<li><strong>Legalizaciones<\/strong><\/li>\r\n \t<li><strong>Historial del Notario.<\/strong><\/li>\r\n \t<li><strong>Beneficios.<\/strong><\/li>\r\n<\/ol>\r\nSi no posee usuario y contrase\u00f1a, deber\u00e1 solicitarlo mediante un correo a sistemas@cnmza.org.ar con el asunto \"Alta Notario\" y especificando su Nombre Completo, DNI, Registro y Matricula.","protected":false},"excerpt":{"rendered":"Acceso notarios Webmail (CORREO INSTITUCIONAL) Ingreso a Perfil \/ Plataforma Notarial En su perfil, podr\u00e1 consultar: SIFOA CREDENCIAL DIGITAL RENAPER MIGRACIONES CERTIFICADO DE APLICACI\u00d3N Nuevos servicios: Consumos Legalizaciones Historial del Notario. Beneficios. Si no posee usuario y contrase\u00f1a, deber\u00e1 solicitarlo mediante un correo a sistemas@cnmza.org.ar con el asunto \u00abAlta Notario\u00bb y especificando su Nombre Completo, [&hellip;]","protected":false},"author":10,"featured_media":0,"parent":0,"menu_order":0,"comment_status":"closed","ping_status":"closed","template":"","meta":{"_cbd_carousel_blocks":"[]","footnotes":""},"class_list":["post-6465","page","type-page","status-publish","hentry"],"_links":{"self":[{"href":"https:\/\/cn.cnmza.org.ar\/index.php?rest_route=\/wp\/v2\/pages\/6465","targetHints":{"allow":["GET"]}}],"collection":[{"href":"https:\/\/cn.cnmza.org.ar\/index.php?rest_route=\/wp\/v2\/pages"}],"about":[{"href":"https:\/\/cn.cnmza.org.ar\/index.php?rest_route=\/wp\/v2\/types\/page"}],"author":[{"embeddable":true,"href":"https:\/\/cn.cnmza.org.ar\/index.php?rest_route=\/wp\/v2\/users\/10"}],"replies":[{"embeddable":true,"href":"https:\/\/cn.cnmza.org.ar\/index.php?rest_route=%2Fwp%2Fv2%2Fcomments&post=6465"}],"version-history":[{"count":15,"href":"https:\/\/cn.cnmza.org.ar\/index.php?rest_route=\/wp\/v2\/pages\/6465\/revisions"}],"predecessor-version":[{"id":7174,"href":"https:\/\/cn.cnmza.org.ar\/index.php?rest_route=\/wp\/v2\/pages\/6465\/revisions\/7174"}],"wp:attachment":[{"href":"https:\/\/cn.cnmza.org.ar\/index.php?rest_route=%2Fwp%2Fv2%2Fmedia&parent=6465"}],"curies":[{"name":"wp","href":"https:\/\/api.w.org\/{rel}","templated":true}]}}