{"id":6453,"date":"2023-03-26T17:03:32","date_gmt":"2023-03-26T20:03:32","guid":{"rendered":"https:\/\/cn.cnmza.org.ar\/?page_id=6453"},"modified":"2023-03-26T17:03:32","modified_gmt":"2023-03-26T20:03:32","slug":"curso-actualizacion-impositiva","status":"publish","type":"page","link":"https:\/\/cn.cnmza.org.ar\/?page_id=6453","title":{"rendered":"Curso Actualizaci\u00f3n Impositiva"},"content":{"rendered":"\r\n<p>La Primera Circunscripci\u00f3n organiza un curso de Actualizaci\u00f3n Impositiva.<\/p>\r\n<p>El evento es el pr\u00f3ximo jueves 30 de marzo de 9:30 a 12hs. en el sal\u00f3n de actos Esc. Mario Gonz\u00e1lez en el edificio del Colegio Notarial.<\/p>\r\n<p>La direcci\u00f3n acad\u00e9mica del curso est\u00e1 a cargo de la Dra. Martha Linares y contar\u00e1 con la presencia del notario Luis Tonelli como moderador.<\/p>\r\n<p>Los disertantes invitados son: el\u00a0<em>Dr. Gilberto Le\u00f3n\u00a0Santamaria, los contadores\u00a0Emiliano Zarco y Dante Pralong y el Dr. Juan Manuel Alvarado Palladino<\/em><\/p>\r\n<p>Te dejamos a continuaci\u00f3n el link de inscripci\u00f3n donde podr\u00e1s encontrar los valores y las formas de pago, <a href=\"https:\/\/docs.google.com\/forms\/d\/e\/1FAIpQLSd8gJ8oorAJmfyFuUYu-1CyBl7gOP5QiKhXO3zyHZRy0Jcovw\/viewform\" target=\"_blank\">hac\u00e9 click ac\u00e1.<\/a><\/p>\r\n<p>Si quer\u00e9s ver el temario completo del curso <a href=\"https:\/\/www.instagram.com\/p\/CqIu0uQtjZ2\/\" target=\"_blank\">hac\u00e9 click ac\u00e1<\/a><\/p>\r\n","protected":false},"excerpt":{"rendered":"La Primera Circunscripci\u00f3n organiza un curso de Actualizaci\u00f3n Impositiva. El evento es el pr\u00f3ximo jueves 30 de marzo de 9:30 a 12hs. en el sal\u00f3n de actos Esc. Mario Gonz\u00e1lez en el edificio del Colegio Notarial. La direcci\u00f3n acad\u00e9mica del curso est\u00e1 a cargo de la Dra. Martha Linares y contar\u00e1 con la presencia del [&hellip;]","protected":false},"author":19,"featured_media":0,"parent":0,"menu_order":0,"comment_status":"closed","ping_status":"closed","template":"","meta":{"_cbd_carousel_blocks":"[]","footnotes":""},"class_list":["post-6453","page","type-page","status-publish","hentry"],"_links":{"self":[{"href":"https:\/\/cn.cnmza.org.ar\/index.php?rest_route=\/wp\/v2\/pages\/6453","targetHints":{"allow":["GET"]}}],"collection":[{"href":"https:\/\/cn.cnmza.org.ar\/index.php?rest_route=\/wp\/v2\/pages"}],"about":[{"href":"https:\/\/cn.cnmza.org.ar\/index.php?rest_route=\/wp\/v2\/types\/page"}],"author":[{"embeddable":true,"href":"https:\/\/cn.cnmza.org.ar\/index.php?rest_route=\/wp\/v2\/users\/19"}],"replies":[{"embeddable":true,"href":"https:\/\/cn.cnmza.org.ar\/index.php?rest_route=%2Fwp%2Fv2%2Fcomments&post=6453"}],"version-history":[{"count":1,"href":"https:\/\/cn.cnmza.org.ar\/index.php?rest_route=\/wp\/v2\/pages\/6453\/revisions"}],"predecessor-version":[{"id":6454,"href":"https:\/\/cn.cnmza.org.ar\/index.php?rest_route=\/wp\/v2\/pages\/6453\/revisions\/6454"}],"wp:attachment":[{"href":"https:\/\/cn.cnmza.org.ar\/index.php?rest_route=%2Fwp%2Fv2%2Fmedia&parent=6453"}],"curies":[{"name":"wp","href":"https:\/\/api.w.org\/{rel}","templated":true}]}}