{"id":5475,"date":"2021-05-11T13:39:31","date_gmt":"2021-05-11T16:39:31","guid":{"rendered":"https:\/\/cn.cnmza.org.ar\/?page_id=5475"},"modified":"2023-04-04T11:02:25","modified_gmt":"2023-04-04T14:02:25","slug":"sistema-iurix","status":"publish","type":"page","link":"https:\/\/cn.cnmza.org.ar\/?page_id=5475","title":{"rendered":"Sistema Iurix Online HTML5"},"content":{"rendered":"\r\n<h1 style=\"font-size: 200%;\">Iurix Online HTML5 Portal de Gesti\u00f3n de Causas Judiciales - Mesa de ayuda de primer nivel.<\/h1>\r\n<p>&nbsp;<\/p>\r\n<p>Para poder utilizar la plataforma de <strong>Iurix Online HTML5 Portal de Gesti\u00f3n de Causas Judiciales<\/strong> se debe\u00a0completar un formulario que, al ser enviado y confirmado, arrojar\u00e1 un n\u00famero que servir\u00e1 como constancia de su consulta y seguimiento. Para acceder al mismo debe seguir los siguientes pasos:<\/p>\r\n<ol>\r\n\t<li>Acceder al portal web del Poder Judicial.\u00a0<a href=\"http:\/\/www.jus.mendoza.gov.ar\/inicio\">Haga click aqu\u00ed<\/a><\/li>\r\n\t<li>Despl\u00e1cese hacia abajo y haga\u00a0click en la opci\u00f3n Iurix Online HTML5<\/li>\r\n\t<li>Una vez en la p\u00e1gina de Iurix Online, seleccionar la opci\u00f3n Acceso al Sistema.<\/li>\r\n\t<li>Luego, arriba a la derecha, se podr\u00e1 visualizar un logo de una persona, desplegar y seleccionar la opci\u00f3n \"Crear Cuenta\".<\/li>\r\n\t<li>En este momento estar\u00e1 en el formulario de creaci\u00f3n de Usuario para poder utilizar la plataforma, recuerde corroborar que los datos sean los correctos para evitar conflictos futuros.<\/li>\r\n<\/ol>\r\n<h2>Preguntas frecuentes:<\/h2>\r\n<ul>\r\n\t<li>En el apartado de Matr\u00edcula del formulario, los Escribanos deben completar con su n\u00famero de <strong>Matr\u00edcula\u00a0<\/strong><\/li>\r\n\t<li>\u00bfPuedo cambiar mis datos una vez realizado el formulario?. No, en este caso se debe poner en contacto con la Oficina de Profesionales explicando su situaci\u00f3n y pidiendo la modificaci\u00f3n de los mismos.<\/li>\r\n\t<li>\u00bfD\u00f3nde consigo mi contrase\u00f1a para ingresar al sistema Iurix?. La contrase\u00f1a se env\u00eda por correo electr\u00f3nico una vez validados los datos del usuario solicitante.<\/li>\r\n\t<li>\u00bfNo lleg\u00f3 el\u00a0correo electr\u00f3nico\u00a0de activaci\u00f3n?: Si pasado un lapso de tiempo no recibe el correo electr\u00f3nico con la confirmaci\u00f3n, es probable que no se pueda validad su informaci\u00f3n por diferentes motivos:\r\n<ul>\r\n\t<li>\u00a0Probablemente, la informaci\u00f3n proporcionada es incorrecta, por lo que sugerimos revisar toda la informaci\u00f3n proporcionada antes de proceder con el env\u00edo del formulario.<\/li>\r\n\t<li>En el apartado de adjuntos (DNI y credencial) recuerde que debe contener la informaci\u00f3n tanto del frente como del dorso de lo solicitado.<\/li>\r\n<\/ul>\r\n<\/li>\r\n\t<li>No puedo seleccionar\u00a0otra Localidad en el formulario de registro en el apartado de <strong>Domicilio<\/strong>. Para resolver este problema, debe llenar los campos de manera que Provincia y Departamento sea \"Mendoza\", esto habilitara las opciones de Localidad como \"Las Heras, Capital, etc\"<\/li>\r\n<\/ul>\r\n<p>&nbsp;<\/p>\r\n<div>Para aquellas consultas referidas al mail de activaci\u00f3n o de ingresos de datos err\u00f3neos en el formulario de inscripci\u00f3n, enviar un correo con la misma a la Oficina de Profesionales:<\/div>\r\n<div><\/div>\r\n<div><strong>Claudia Rosales<\/strong>\u00a0- mail.\u00a0<span id=\"v1OBJ_PREFIX_DWT228_ZmEmailObjectHandler\" class=\"v1Object\"><span id=\"v1OBJ_PREFIX_DWT1017_ZmEmailObjectHandler\" class=\"v1Object\"><span id=\"v1OBJ_PREFIX_DWT235_ZmEmailObjectHandler\" class=\"v1Object\"><span id=\"v1OBJ_PREFIX_DWT246_ZmEmailObjectHandler\" class=\"v1Object\"><span id=\"v1OBJ_PREFIX_DWT301_ZmEmailObjectHandler\" class=\"v1Object\"><span id=\"v1OBJ_PREFIX_DWT303_ZmEmailObjectHandler\" class=\"v1Object\"><span id=\"v1OBJ_PREFIX_DWT138_ZmEmailObjectHandler\" class=\"v1Object\"><a href=\"mailto:crosales@jus.mendoza.gov.ar\" rel=\"noreferrer\">crosales@jus.mendoza.gov.ar<\/a><\/span><\/span><\/span><\/span><\/span><\/span><\/span><strong>\u00a0<\/strong><\/div>\r\n<div><strong><span id=\"v1DWT1019\" class=\"v1ZmSearchResult\">Oscar<\/span>\u00a0Rubio<\/strong>\u00a0- mail -\u00a0<span id=\"v1OBJ_PREFIX_DWT229_ZmEmailObjectHandler\" class=\"v1Object\"><span id=\"v1OBJ_PREFIX_DWT1020_ZmEmailObjectHandler\" class=\"v1Object\"><span id=\"v1OBJ_PREFIX_DWT236_ZmEmailObjectHandler\" class=\"v1Object\"><span id=\"v1OBJ_PREFIX_DWT247_ZmEmailObjectHandler\" class=\"v1Object\"><span id=\"v1OBJ_PREFIX_DWT302_ZmEmailObjectHandler\" class=\"v1Object\"><span id=\"v1OBJ_PREFIX_DWT304_ZmEmailObjectHandler\" class=\"v1Object\"><span id=\"v1OBJ_PREFIX_DWT139_ZmEmailObjectHandler\" class=\"v1Object\"><a href=\"mailto:orrubio@yahoo.com.ar\" rel=\"noreferrer\">orrubio@yahoo.com.ar<\/a><\/span><\/span><\/span><\/span><\/span><\/span><\/span><\/div>\r\n<div><\/div>\r\n<p>&nbsp;<\/p>\r\n<p>En el caso de que tu duda no se contemple en la informaci\u00f3n proporcionada con anterioridad, env\u00ede un ticket con su sugerencia, reclamo o\u00a0inquietud y en la brevedad se resolver\u00e1 enviando la soluci\u00f3n por el medio de contacto proporcionado.<\/p>\r\n<p><a id=\"boton\" class=\"btn\" href=\"https:\/\/ticketsform.mendoza.gov.ar\/ticketsform\/servlet\/responderformulario?SCJ_SOPORTE_SISTEMAS_PJ_ESCRIBANOS\">Generar Ticket<\/a><\/p>\r\n<pre><\/pre>\r\n","protected":false},"excerpt":{"rendered":"Iurix Online HTML5 Portal de Gesti\u00f3n de Causas Judiciales &#8211; Mesa de ayuda de primer nivel. &nbsp; Para poder utilizar la plataforma de Iurix Online HTML5 Portal de Gesti\u00f3n de Causas Judiciales se debe\u00a0completar un formulario que, al ser enviado y confirmado, arrojar\u00e1 un n\u00famero que servir\u00e1 como constancia de su consulta y seguimiento. Para [&hellip;]","protected":false},"author":19,"featured_media":0,"parent":0,"menu_order":0,"comment_status":"closed","ping_status":"closed","template":"servicios_an_asesoria.php","meta":{"_cbd_carousel_blocks":"[]","footnotes":""},"class_list":["post-5475","page","type-page","status-publish","hentry"],"_links":{"self":[{"href":"https:\/\/cn.cnmza.org.ar\/index.php?rest_route=\/wp\/v2\/pages\/5475","targetHints":{"allow":["GET"]}}],"collection":[{"href":"https:\/\/cn.cnmza.org.ar\/index.php?rest_route=\/wp\/v2\/pages"}],"about":[{"href":"https:\/\/cn.cnmza.org.ar\/index.php?rest_route=\/wp\/v2\/types\/page"}],"author":[{"embeddable":true,"href":"https:\/\/cn.cnmza.org.ar\/index.php?rest_route=\/wp\/v2\/users\/19"}],"replies":[{"embeddable":true,"href":"https:\/\/cn.cnmza.org.ar\/index.php?rest_route=%2Fwp%2Fv2%2Fcomments&post=5475"}],"version-history":[{"count":18,"href":"https:\/\/cn.cnmza.org.ar\/index.php?rest_route=\/wp\/v2\/pages\/5475\/revisions"}],"predecessor-version":[{"id":6476,"href":"https:\/\/cn.cnmza.org.ar\/index.php?rest_route=\/wp\/v2\/pages\/5475\/revisions\/6476"}],"wp:attachment":[{"href":"https:\/\/cn.cnmza.org.ar\/index.php?rest_route=%2Fwp%2Fv2%2Fmedia&parent=5475"}],"curies":[{"name":"wp","href":"https:\/\/api.w.org\/{rel}","templated":true}]}}