{"id":5,"date":"2015-11-23T13:17:37","date_gmt":"2015-11-23T13:17:37","guid":{"rendered":"http:\/\/cnm.dondemires.com\/?page_id=5"},"modified":"2016-04-13T12:47:36","modified_gmt":"2016-04-13T15:47:36","slug":"colegio_historia","status":"publish","type":"page","link":"https:\/\/cn.cnmza.org.ar\/?page_id=5","title":{"rendered":"Colegio Notarial &#8211; Rese\u00f1a hist\u00f3rica"},"content":{"rendered":"\r\n<p style=\"text-align: justify;\">Los antecedentes hist\u00f3ricos de esta Instituci\u00f3n se remontan al 7 de Mayo de 1914, cuando se re\u00fanen destacados escribanos de Mendoza para constituir una Asociaci\u00f3n Civil bajo el nombre de Colegio de Escribanos, cuyos estatutos fueron aprobados por decreto provincial del 25 de Julio de 1915, siendo a la saz\u00f3n Gobernador de la Provincia el Escribano Francisco S. ALVAREZ .<\/p>\r\n<p style=\"text-align: justify;\">En 1963 se presenta a la Legislatura el primer proyecto de Ley organizadora del Notariado, elaborado por los distinguidos notarios Alberto VILLABA WELSH, Daniel LARRIQUETA y Erminia RAMOS DE V\u00c1ZQUEZ. Desde la arena pol\u00edtica, aparece ya la fuerza y el impulso inquebrantable del Escribano Mario GONZ\u00c1LEZ. El proyecto se convierte en Ley el 15 de octubre de 1964, bajo el N\u00b0 3058, que rige hasta la fecha con las modificaciones introducidas por la Ley 6749 y Ley 7346.<\/p>\r\n<p style=\"text-align: justify;\">La Ley 3058 recoge y mantiene el esp\u00edritu del Notariado Latino que inspiraba el Anteproyecto de Ley Nacional elaborado por el Escribano Alberto VILLALBA WELSH. La organizaci\u00f3n interna de este Notariado estableci\u00f3 tres Circunscripciones territoriales, cada una con un Consejo de Circunscripci\u00f3n, cuyos delegados y sus respectivos Presidentes conforman el Consejo Superior del Notariado, \u00f3rgano rector en todo el \u00e1mbito provincial.<\/p>\r\n<p style=\"text-align: justify;\">La superintendencia sobre las actividades notariales la tiene la Suprema Corte de Justicia de Mendoza y existen adem\u00e1s tres Inspecciones Notariales, una para cada Circunscripci\u00f3n Notarial.<\/p>\r\n<p style=\"text-align: justify;\">Hasta la sanci\u00f3n de la Ley 5908 de desregulaci\u00f3n, el otorgamiento de registros era restringido, en directa relaci\u00f3n con la cantidad de habitantes de la Provincia y reg\u00eda el Instituto de la Adscripci\u00f3n -hasta dos adscriptos por registro- que permit\u00eda mantener una equilibrada relaci\u00f3n profesional con el tr\u00e1fico inmobiliario. Dicha relaci\u00f3n desaparece abruptamente con la desregulaci\u00f3n y se agrava a\u00fan m\u00e1s con la creaci\u00f3n de la carrera de notariado.<\/p>\r\n<p style=\"text-align: justify;\">Llegado el a\u00f1o 2000, se sanciona la Ley 6749 que modifica la Ley 3058 y que lamentablemente no alcanz\u00f3 a regular el acceso a la funci\u00f3n notarial de quienes resultaban aspirantes a un Registro Notarial. Adem\u00e1s estableci\u00f3 un r\u00e9gimen de capacitaci\u00f3n permanente que oblig\u00f3 a todos los notarios de la Provincia, seg\u00fan su antig\u00fcedad, a cumplir determinadas horas de capacitaci\u00f3n; as\u00ed tambi\u00e9n esta modificatoria estableci\u00f3 un sistema de autocontrol a trav\u00e9s de veedur\u00edas a cargo de notarios que ejerc\u00edan dicha funci\u00f3n, elegidos por riguroso concurso de antecedentes y oposici\u00f3n. Esta Ley (6749) -que sali\u00f3 de las entra\u00f1as mismas del notariado- no solo no ha servido para contener el aluvi\u00f3n irrestricto del ingreso a la funci\u00f3n notarial, sino que implica un incremento significativo en el presupuesto de cada a\u00f1o para el Colegio Notarial, ya que debi\u00f3 incorporarse nuevo personal y solventar los costos que impon\u00eda el sistema de autocontrol.<\/p>\r\n<p style=\"text-align: justify;\">La Ley 7346, publicada el 20 de mayo de 2005, por la cual se regula el acceso a la Titularidad de los Registros Notariales. Dicha Ley establece un nuevo sistema de acceso a la Titularidad de Registros Notariales, disponiendo el acceso a la titularidad a trav\u00e9s del sistema de Concurso con examen oral y escrito y de Oposici\u00f3n y Antecedentes. El sistema adjudica los registros notariales vacantes hasta el 30 de setiembre del a\u00f1o calendario anterior a la realizaci\u00f3n del mismo. Este sistema recepta los principios del notariado latino al cual pertenece la Instituci\u00f3n. Defiende la seguridad jur\u00eddica, dignifica la funci\u00f3n y aspira, a trav\u00e9s del tiempo, a mantener un equilibrio entre n\u00famero de habitantes y registros notariales en funcionamiento. Hecho imprescindible para facilitar el control del Estado sobre la funci\u00f3n y garantizar a la poblaci\u00f3n la seguridad jur\u00eddica que la misma requiere.<\/p>\r\n","protected":false},"excerpt":{"rendered":"Los antecedentes hist\u00f3ricos de esta Instituci\u00f3n se remontan al 7 de Mayo de 1914, cuando se re\u00fanen destacados escribanos de Mendoza para constituir una Asociaci\u00f3n Civil bajo el nombre de Colegio de Escribanos, cuyos estatutos fueron aprobados por decreto provincial del 25 de Julio de 1915, siendo a la saz\u00f3n Gobernador de la Provincia el [&hellip;]","protected":false},"author":19,"featured_media":0,"parent":0,"menu_order":0,"comment_status":"closed","ping_status":"closed","template":"colegio_historia.php","meta":{"_cbd_carousel_blocks":"[]","footnotes":""},"class_list":["post-5","page","type-page","status-publish","hentry"],"_links":{"self":[{"href":"https:\/\/cn.cnmza.org.ar\/index.php?rest_route=\/wp\/v2\/pages\/5","targetHints":{"allow":["GET"]}}],"collection":[{"href":"https:\/\/cn.cnmza.org.ar\/index.php?rest_route=\/wp\/v2\/pages"}],"about":[{"href":"https:\/\/cn.cnmza.org.ar\/index.php?rest_route=\/wp\/v2\/types\/page"}],"author":[{"embeddable":true,"href":"https:\/\/cn.cnmza.org.ar\/index.php?rest_route=\/wp\/v2\/users\/19"}],"replies":[{"embeddable":true,"href":"https:\/\/cn.cnmza.org.ar\/index.php?rest_route=%2Fwp%2Fv2%2Fcomments&post=5"}],"version-history":[{"count":10,"href":"https:\/\/cn.cnmza.org.ar\/index.php?rest_route=\/wp\/v2\/pages\/5\/revisions"}],"predecessor-version":[{"id":486,"href":"https:\/\/cn.cnmza.org.ar\/index.php?rest_route=\/wp\/v2\/pages\/5\/revisions\/486"}],"wp:attachment":[{"href":"https:\/\/cn.cnmza.org.ar\/index.php?rest_route=%2Fwp%2Fv2%2Fmedia&parent=5"}],"curies":[{"name":"wp","href":"https:\/\/api.w.org\/{rel}","templated":true}]}}