{"id":49,"date":"2015-11-23T13:37:42","date_gmt":"2015-11-23T13:37:42","guid":{"rendered":"http:\/\/cnm.dondemires.com\/?page_id=49"},"modified":"2023-07-12T11:09:27","modified_gmt":"2023-07-12T14:09:27","slug":"noveles_autoridades","status":"publish","type":"page","link":"https:\/\/cn.cnmza.org.ar\/?page_id=49","title":{"rendered":"Noveles &#8211; Miembros"},"content":{"rendered":"\r\n<p style=\"text-align: justify;\"><\/p>\r\n<h2 style=\"text-align: justify;\">COMISI\u00d3N:<\/h2>\r\n<h5 style=\"text-align: justify;\">PRESIDENTE:<\/h5>\r\n<p style=\"text-align: justify;\">Not. Karim Abu-Nassar Melchor (Primera Circunscripci\u00f3n)<\/p>\r\n<h5 style=\"text-align: justify;\">VICEPRESIDENTE:<\/h5>\r\n<p>Not. Carolina Patti (Tercera Circunscripci\u00f3n)<\/p>\r\n<h5 style=\"text-align: justify;\">SECRETARIO:<\/h5>\r\n<p>Not. Fernanda Fantelli (Primera Circunscripci\u00f3n)<\/p>\r\n<h5 style=\"text-align: justify;\">VOCALES TITULARES:<\/h5>\r\n<p><span lang=\"ES-TRAD\">Not. Luciana Tula (Primera Circunscripci\u00f3n)<\/span><\/p>\r\n<p><span lang=\"ES-TRAD\">Not. Karen Puebla (Primera Circunscripci\u00f3n)\u00a0<\/span><\/p>\r\n<p><span lang=\"ES-TRAD\">Not. Luc\u00eda Coria (Primera Circunscripci\u00f3n)<\/span><\/p>\r\n<p>Not.\u00a0Pablo Canaan (Primera Circunscripci\u00f3n)<\/p>\r\n<p>Not. Gabriela Saponara (Segunda Circunscripci\u00f3n)<\/p>\r\n<p>Not. Natalia Bonivardo (Tercera Circunscripci\u00f3n)<\/p>\r\n<p>Not. Federico Rosso Bonet (Tercera Circunscripci\u00f3n)<\/p>\r\n<h5 style=\"text-align: justify;\"><\/h5>\r\n","protected":false},"excerpt":{"rendered":"COMISI\u00d3N: PRESIDENTE: Not. Karim Abu-Nassar Melchor (Primera Circunscripci\u00f3n) VICEPRESIDENTE: Not. Carolina Patti (Tercera Circunscripci\u00f3n) SECRETARIO: Not. Fernanda Fantelli (Primera Circunscripci\u00f3n) VOCALES TITULARES: Not. Luciana Tula (Primera Circunscripci\u00f3n) Not. Karen Puebla (Primera Circunscripci\u00f3n)\u00a0 Not. Luc\u00eda Coria (Primera Circunscripci\u00f3n) Not.\u00a0Pablo Canaan (Primera Circunscripci\u00f3n) Not. Gabriela Saponara (Segunda Circunscripci\u00f3n) Not. Natalia Bonivardo (Tercera Circunscripci\u00f3n) Not. Federico Rosso Bonet [&hellip;]","protected":false},"author":19,"featured_media":0,"parent":0,"menu_order":0,"comment_status":"closed","ping_status":"closed","template":"colegio_autoridades.php","meta":{"_cbd_carousel_blocks":"[]","footnotes":""},"class_list":["post-49","page","type-page","status-publish","hentry"],"_links":{"self":[{"href":"https:\/\/cn.cnmza.org.ar\/index.php?rest_route=\/wp\/v2\/pages\/49","targetHints":{"allow":["GET"]}}],"collection":[{"href":"https:\/\/cn.cnmza.org.ar\/index.php?rest_route=\/wp\/v2\/pages"}],"about":[{"href":"https:\/\/cn.cnmza.org.ar\/index.php?rest_route=\/wp\/v2\/types\/page"}],"author":[{"embeddable":true,"href":"https:\/\/cn.cnmza.org.ar\/index.php?rest_route=\/wp\/v2\/users\/19"}],"replies":[{"embeddable":true,"href":"https:\/\/cn.cnmza.org.ar\/index.php?rest_route=%2Fwp%2Fv2%2Fcomments&post=49"}],"version-history":[{"count":23,"href":"https:\/\/cn.cnmza.org.ar\/index.php?rest_route=\/wp\/v2\/pages\/49\/revisions"}],"predecessor-version":[{"id":6571,"href":"https:\/\/cn.cnmza.org.ar\/index.php?rest_route=\/wp\/v2\/pages\/49\/revisions\/6571"}],"wp:attachment":[{"href":"https:\/\/cn.cnmza.org.ar\/index.php?rest_route=%2Fwp%2Fv2%2Fmedia&parent=49"}],"curies":[{"name":"wp","href":"https:\/\/api.w.org\/{rel}","templated":true}]}}