{"id":47,"date":"2015-11-23T13:37:08","date_gmt":"2015-11-23T13:37:08","guid":{"rendered":"http:\/\/cnm.dondemires.com\/?page_id=47"},"modified":"2026-03-25T08:30:48","modified_gmt":"2026-03-25T11:30:48","slug":"principal_descargas","status":"publish","type":"page","link":"https:\/\/cn.cnmza.org.ar\/?page_id=47","title":{"rendered":"Informaci\u00f3n"},"content":{"rendered":"\n<h1 class=\"wp-block-heading\"><strong>Aranceles, Aportes y Tasas<\/strong><\/h1>\n\n\n\n<p><a href=\"http:\/\/www.cajaescribanosmza1.com.ar\/cartilla.php\"><strong>Aportes Caja de Jubilaciones y Pensiones de escribanos<\/strong><\/a><\/p>\n\n\n\n<h2 class=\"wp-block-heading\">Aranceles a partir del 01\/01\/2026<\/h2>\n\n\n\n<ul class=\"wp-block-list\">\n<li><a href=\"https:\/\/cn.cnmza.org.ar\/wp-content\/uploads\/2026\/01\/TASAS-2026-Direccion-de-Personas-Juridicas.pdf\" data-type=\"link\" data-id=\"https:\/\/cn.cnmza.org.ar\/wp-content\/uploads\/2026\/01\/TASAS-2026-Direccion-de-Personas-Juridicas.pdf\"><strong>Tasas retributivas 2026 de la Direcci\u00f3n de Personas Jur\u00eddicas<\/strong><\/a><\/li>\n<\/ul>\n\n\n\n<h2 class=\"wp-block-heading\">Aranceles a partir del 01\/01\/2026<\/h2>\n\n\n\n<ul class=\"wp-block-list\">\n<li><a href=\"https:\/\/cn.cnmza.org.ar\/wp-content\/uploads\/2026\/01\/Ley-Impositiva-2026-CON-CODIGOS_compressed.pdf\"><strong>Tasas retributivas y sobretasas 2026 de la Direcci\u00f3n de Registros P\u00fablicos - 1ra, 3ra y 4ta Circunscripci\u00f3n<\/strong><\/a><\/li>\n\n\n\n<li><strong><a href=\"https:\/\/cn.cnmza.org.ar\/wp-content\/uploads\/2026\/01\/LEY-IMPOSITIVA-2026-CON-CODIGOS-SEGUNDA.pdf\">Tasas retributivas y sobretasas 2026 de la Direcci\u00f3n de Registros P\u00fablicos - 2da Circunscripci\u00f3n<\/a> <\/strong><\/li>\n<\/ul>\n\n\n\n<hr class=\"wp-block-separator has-alpha-channel-opacity\"\/>\n\n\n\n<h2 class=\"wp-block-heading\">Aranceles a partir del 25\/03\/2026<\/h2>\n\n\n\n<ul class=\"wp-block-list\">\n<li><a href=\"https:\/\/cn.cnmza.org.ar\/wp-content\/uploads\/2026\/03\/TABLA-HONORARIOS-MIERCOLES-25-03-26.pdf\" data-type=\"link\" data-id=\"https:\/\/cn.cnmza.org.ar\/wp-content\/uploads\/2026\/03\/TABLA-HONORARIOS-MIERCOLES-25-03-26.pdf\"><strong>Descargar&nbsp;tabla de honorarios&nbsp;a partir del 25\/03\/2026<\/strong><\/a><\/li>\n\n\n\n<li><a href=\"https:\/\/cn.cnmza.org.ar\/wp-content\/uploads\/2026\/03\/Articulo-11-25-03-26.pdf\" data-type=\"link\" data-id=\"https:\/\/cn.cnmza.org.ar\/wp-content\/uploads\/2026\/03\/Articulo-11-25-03-26.pdf\"><strong>Descargar&nbsp;anexo tabla de honorarios&nbsp;a partir del 25\/03\/2026<\/strong><\/a><\/li>\n\n\n\n<li><a href=\"https:\/\/cn.cnmza.org.ar\/wp-content\/uploads\/2026\/03\/RESOLUCION-N\u00b009-26-AUMENTO-INSUMOS.pdf\" data-type=\"link\" data-id=\"https:\/\/cn.cnmza.org.ar\/wp-content\/uploads\/2026\/03\/RESOLUCION-N\u00b009-26-AUMENTO-INSUMOS.pdf\"><strong>Descargar Resoluci\u00f3n aumento\u00a0insumos\u00a0a partir del 25\/03\/2026<\/strong><\/a><\/li>\n<\/ul>\n","protected":false},"excerpt":{"rendered":"Aranceles, Aportes y Tasas Aportes Caja de Jubilaciones y Pensiones de escribanos Aranceles a partir del 01\/01\/2026 Aranceles a partir del 01\/01\/2026 Aranceles a partir del 25\/03\/2026","protected":false},"author":19,"featured_media":0,"parent":0,"menu_order":0,"comment_status":"closed","ping_status":"closed","template":"principal_descargas.php","meta":{"_cbd_carousel_blocks":"[]","footnotes":""},"class_list":["post-47","page","type-page","status-publish","hentry"],"_links":{"self":[{"href":"https:\/\/cn.cnmza.org.ar\/index.php?rest_route=\/wp\/v2\/pages\/47","targetHints":{"allow":["GET"]}}],"collection":[{"href":"https:\/\/cn.cnmza.org.ar\/index.php?rest_route=\/wp\/v2\/pages"}],"about":[{"href":"https:\/\/cn.cnmza.org.ar\/index.php?rest_route=\/wp\/v2\/types\/page"}],"author":[{"embeddable":true,"href":"https:\/\/cn.cnmza.org.ar\/index.php?rest_route=\/wp\/v2\/users\/19"}],"replies":[{"embeddable":true,"href":"https:\/\/cn.cnmza.org.ar\/index.php?rest_route=%2Fwp%2Fv2%2Fcomments&post=47"}],"version-history":[{"count":109,"href":"https:\/\/cn.cnmza.org.ar\/index.php?rest_route=\/wp\/v2\/pages\/47\/revisions"}],"predecessor-version":[{"id":7300,"href":"https:\/\/cn.cnmza.org.ar\/index.php?rest_route=\/wp\/v2\/pages\/47\/revisions\/7300"}],"wp:attachment":[{"href":"https:\/\/cn.cnmza.org.ar\/index.php?rest_route=%2Fwp%2Fv2%2Fmedia&parent=47"}],"curies":[{"name":"wp","href":"https:\/\/api.w.org\/{rel}","templated":true}]}}