{"id":4203,"date":"2019-08-02T13:33:44","date_gmt":"2019-08-02T16:33:44","guid":{"rendered":"http:\/\/cn.cnmza.org.ar\/?page_id=4203"},"modified":"2019-08-13T09:24:20","modified_gmt":"2019-08-13T12:24:20","slug":"jornada-notarial-mendoza","status":"publish","type":"page","link":"https:\/\/cn.cnmza.org.ar\/?page_id=4203","title":{"rendered":"I Jornada Notarial de Mendoza"},"content":{"rendered":"\r\n<h1 style=\"text-align: center;\"><a href=\"http:\/\/cn.cnmza.org.ar\/?attachment_id=4227\" rel=\"attachment wp-att-4227\"><img loading=\"lazy\" decoding=\"async\" class=\"aligncenter  wp-image-4227\" src=\"http:\/\/cn.cnmza.org.ar\/wp-content\/uploads\/2019\/08\/04-1024x791.jpg\" alt=\"04\" width=\"693\" height=\"535\" srcset=\"https:\/\/cn.cnmza.org.ar\/wp-content\/uploads\/2019\/08\/04-1024x791.jpg 1024w, https:\/\/cn.cnmza.org.ar\/wp-content\/uploads\/2019\/08\/04-300x232.jpg 300w, https:\/\/cn.cnmza.org.ar\/wp-content\/uploads\/2019\/08\/04-768x594.jpg 768w, https:\/\/cn.cnmza.org.ar\/wp-content\/uploads\/2019\/08\/04.jpg 1651w\" sizes=\"auto, (max-width: 693px) 100vw, 693px\" \/><\/a><\/h1>\r\n<p>&nbsp;<\/p>\r\n<p>Durante los d\u00edas .... se llevar\u00e1 a cabo la \u00a0<strong>I JORNADA NOTARIAL DE MENDOZA.<\/strong> La sede ser\u00e1 en la ciudad de Mendoza (Capital), en ...<\/p>\r\n<h2><strong>TEMARIO:<\/strong><\/h2>\r\n<h3><strong>TEMA 1:<\/strong><\/h3>\r\n<p>La actividad notarial y los documentos en cualquier soporte inteligible. La despapelizaci\u00f3n. Art. 286 del C.C.C.N. Firma y documentos electr\u00f3nicos y digitales. Principios Notariales y las nuevas tecnolog\u00edas.<\/p>\r\n<p>Coordinadora: Not. Valeria Calabrese<\/p>\r\n<p><a href=\"http:\/\/www.cnmza.org.ar\/archivo\/2019\/JNM - PAUTAS TEMA I.pdf\">Pautas Tema I<\/a><\/p>\r\n<h3><strong>TEMA 2:<\/strong><\/h3>\r\n<p>Constituci\u00f3n del Derecho Real de Propiedad Horizontal, Propiedad Horizontal Especial y nuevos derechos reales. An\u00e1lisis de la naturaleza\u00a0 jur\u00eddica y car\u00e1cter del del acto jur\u00eddico de constituci\u00f3n y\/o afectaci\u00f3n : acto dispositivo o conservatorio? constituci\u00f3n de nuevo derecho real o transformaci\u00f3n?autorizaci\u00f3n de acreedores?<\/p>\r\n<p>Coordinadora: Mar\u00eda Laura Lembo<\/p>\r\n<p>&nbsp;<\/p>\r\n<p><strong>REGLAMENTO DE LAS JORNADA NOTARIAL DE MENDOZA<\/strong><\/p>\r\n<p><a href=\"http:\/\/www.cnmza.org.ar\/archivo\/2019\/LISTA HONORARIOS LEY 5053-8100 .pdfReglamento JNM.pdf\" target=\"_blank\">Descargar Reglamento JNM<\/a><\/p>\r\n<p>&nbsp;<\/p>\r\n<p><strong>AR<\/strong><strong>ANCELES, FORMAS Y MEDIOS DE PAGO<\/strong><\/p>\r\n<p><strong>BENEFICIO:<\/strong> Inscribi\u00e9ndose en el <strong>XXX Encuentro Nacional del Notariado Novel<\/strong> obtendr\u00e1 un <strong>descuento de $2000<\/strong> para las Primeras Jornadas Notariales Mendocinas<strong>.<\/strong><\/p>\r\n<p><strong>Escribanos, profesionales afines:<\/strong> $<br \/><strong>Escribanos\u00a0matriculados y estudiantes:<\/strong> $<\/p>\r\n<p><strong>Formas\u00a0de Pago:<\/strong><\/p>\r\n<p>Transferencias:<\/p>\r\n<p>Realizado el pago, <strong>enviar comprobante<\/strong> a:<\/p>\r\n<p><strong>IMPORTANTE:<\/strong>\u00a0la inscripci\u00f3n definitiva ocurrir\u00e1 una vez que Ud. reciba mail confirmando la recepci\u00f3n del pago y el env\u00edo del comprobante.<\/p>\r\n<p>&nbsp;<\/p>\r\n<p><strong>INSCRIPCIONES:<\/strong><\/p>\r\n<p><a href=\"https:\/\/docs.google.com\/forms\/d\/1Szb5bkUo832iZ7eLWthTM9YzPBcBYIuUoI_v8WVqMNc\/edit\" target=\"_blank\">https:\/\/docs.google.com\/forms\/d\/1Szb5bkUo832iZ7eLWthTM9YzPBcBYIuUoI_v8WVqMNc\/edit<\/a><\/p>\r\n<p>&nbsp;<\/p>\r\n<p><strong>REGLAMENTO PARA LA PRESENTACI\u00d3N DE TRABAJOS<\/strong><\/p>\r\n<p><a href=\"http:\/\/www.cnmza.org.ar\/archivo\/2019\/Reglamento para la presentaci\u00f3n de trabajos JNM 2019.pdf\" target=\"_blank\">Descargar Reglamento Trabajos<\/a><\/p>\r\n<p>&nbsp;<\/p>\r\n<p><strong>CONVOCA Y ORGANIZA<\/strong><\/p>\r\n<p><a href=\"http:\/\/cn.cnmza.org.ar\" rel=\"attachment wp-att-4204\"><img loading=\"lazy\" decoding=\"async\" class=\"size-full wp-image-4204 alignleft\" src=\"http:\/\/cn.cnmza.org.ar\/wp-content\/uploads\/2019\/07\/logo-CNM.jpg\" alt=\"logo CNM\" width=\"160\" height=\"68\" \/><\/a><\/p>\r\n","protected":false},"excerpt":{"rendered":"&nbsp; Durante los d\u00edas &#8230;. se llevar\u00e1 a cabo la \u00a0I JORNADA NOTARIAL DE MENDOZA. La sede ser\u00e1 en la ciudad de Mendoza (Capital), en &#8230; TEMARIO: TEMA 1: La actividad notarial y los documentos en cualquier soporte inteligible. La despapelizaci\u00f3n. Art. 286 del C.C.C.N. Firma y documentos electr\u00f3nicos y digitales. Principios Notariales y las [&hellip;]","protected":false},"author":19,"featured_media":0,"parent":0,"menu_order":0,"comment_status":"closed","ping_status":"closed","template":"","meta":{"_cbd_carousel_blocks":"[]","footnotes":""},"class_list":["post-4203","page","type-page","status-publish","hentry"],"_links":{"self":[{"href":"https:\/\/cn.cnmza.org.ar\/index.php?rest_route=\/wp\/v2\/pages\/4203","targetHints":{"allow":["GET"]}}],"collection":[{"href":"https:\/\/cn.cnmza.org.ar\/index.php?rest_route=\/wp\/v2\/pages"}],"about":[{"href":"https:\/\/cn.cnmza.org.ar\/index.php?rest_route=\/wp\/v2\/types\/page"}],"author":[{"embeddable":true,"href":"https:\/\/cn.cnmza.org.ar\/index.php?rest_route=\/wp\/v2\/users\/19"}],"replies":[{"embeddable":true,"href":"https:\/\/cn.cnmza.org.ar\/index.php?rest_route=%2Fwp%2Fv2%2Fcomments&post=4203"}],"version-history":[{"count":20,"href":"https:\/\/cn.cnmza.org.ar\/index.php?rest_route=\/wp\/v2\/pages\/4203\/revisions"}],"predecessor-version":[{"id":4262,"href":"https:\/\/cn.cnmza.org.ar\/index.php?rest_route=\/wp\/v2\/pages\/4203\/revisions\/4262"}],"wp:attachment":[{"href":"https:\/\/cn.cnmza.org.ar\/index.php?rest_route=%2Fwp%2Fv2%2Fmedia&parent=4203"}],"curies":[{"name":"wp","href":"https:\/\/api.w.org\/{rel}","templated":true}]}}