{"id":35,"date":"2015-11-23T13:34:02","date_gmt":"2015-11-23T13:34:02","guid":{"rendered":"http:\/\/cnm.dondemires.com\/?page_id=35"},"modified":"2020-09-17T13:46:56","modified_gmt":"2020-09-17T16:46:56","slug":"biblioteca_descargas","status":"publish","type":"page","link":"https:\/\/cn.cnmza.org.ar\/?page_id=35","title":{"rendered":"Biblioteca &#8211; Revistas Electr\u00f3nicas"},"content":{"rendered":"\r\n<h2>Revistas Electr\u00f3nicas<\/h2>\r\n<h5>Revista del Notariado <a class=\"download\" href=\"https:\/\/www.colegio-escribanos.org.ar\/biblioteca\/cgi-bin\/rdn_index.php\" target=\"_blank\"><span class=\"icon icon-download\"><em>Descargar<\/em><\/span><\/a><\/h5>\r\n<p>Colegio de Escribanos de la Ciudad de Buenos.Aires. disponible desde: 2000, nro.859<\/p>\r\n<h5>Revista Notarial <a class=\"download\" href=\"http:\/\/www.colescba.org.ar\/portal\/novedades\/revista-notarial.html\" target=\"_blank\"><span class=\"icon icon-download\"><em>Descargar<\/em><\/span><\/a><\/h5>\r\n<p>Colegio de Escribanos de la Provincia de Buenos Aires<\/p>\r\n<h5>Revista Investigaciones <a class=\"download\" href=\"https:\/\/www.csjn.gov.ar\/dbre\/investig.html\" target=\"_blank\"><span class=\"icon icon-download\"><em>Descargar<\/em><\/span><\/a><\/h5>\r\n<p>Argentina. Corte Suprema de Justicia de la Naci\u00f3n. \u2014 Bs.As. disponible desde: .1996 no. 1<\/p>\r\n<h5>Revista Academia Nacional de Derecho y Ciencias Sociales de C\u00f3rdoba \u00a0<a class=\"download\" href=\"http:\/\/www.acaderc.org.ar\/doctrina\" target=\"_blank\"><span class=\"icon icon-download\"><em>Descargar<\/em><\/span><\/a><\/h5>\r\n<p>Acad\u00e9mia Nacional de Derecho y Ciencias Sociales de Cordoba<\/p>\r\n<h5>Revista Internacional del Notario <a class=\"download\" href=\"https:\/\/dialnet.unirioja.es\/servlet\/revista?codigo=5821\" target=\"_blank\"><span class=\"icon icon-download\"><em>Descargar<\/em><\/span><\/a><\/h5>\r\n<p>UINL. \u2014 Buenos.Aires.<\/p>\r\n<h5>Lecciones y Ensayos Facultad de Derecho UBA<a class=\"download\" href=\"http:\/\/www.derecho.uba.ar\/publicaciones\/lye\/pub_lye_numeros_93.php\"><span class=\"icon icon-download\"><em>Descargar<\/em><\/span><\/a><\/h5>\r\n<p>Buenos Aires.<\/p>\r\n<h5>Revista Juridica de Buenos Aires UBA<a class=\"download\" href=\"http:\/\/www.derecho.uba.ar\/publicaciones\/rev_juridica\/\"><span class=\"icon icon-download\"><em>Descargar<\/em><\/span><\/a><\/h5>\r\n<h5>Revista Derecho Privado Infojus<a class=\"download\" href=\"http:\/\/www.infojus.gob.ar\/ediciones\/revistas\/revista-derecho-privado\r\n\"><span class=\"icon icon-download\"><em>Descargar<\/em><\/span><\/a><\/h5>\r\n<p>Buenos Aires.<\/p>\r\n<h5>Revista del Notariado \u2014 Director: \u00c1lvaro Guti\u00e9rrez Zald\u00edvar <a class=\"download\" href=\"http:\/\/www.revista-notariado.org.ar\/\" target=\"_blank\"><span class=\"icon icon-download\"><em>Descargar<\/em><\/span><\/a><\/h5>\r\n<p>Colegio de Escribanos de la Ciudad de Buenos Aires<\/p>\r\n","protected":false},"excerpt":{"rendered":"Revistas Electr\u00f3nicas Revista del Notariado Descargar Colegio de Escribanos de la Ciudad de Buenos.Aires. disponible desde: 2000, nro.859 Revista Notarial Descargar Colegio de Escribanos de la Provincia de Buenos Aires Revista Investigaciones Descargar Argentina. Corte Suprema de Justicia de la Naci\u00f3n. \u2014 Bs.As. disponible desde: .1996 no. 1 Revista Academia Nacional de Derecho y Ciencias [&hellip;]","protected":false},"author":19,"featured_media":0,"parent":0,"menu_order":0,"comment_status":"closed","ping_status":"closed","template":"biblioteca_descargas.php","meta":{"_cbd_carousel_blocks":"[]","footnotes":""},"class_list":["post-35","page","type-page","status-publish","hentry"],"_links":{"self":[{"href":"https:\/\/cn.cnmza.org.ar\/index.php?rest_route=\/wp\/v2\/pages\/35","targetHints":{"allow":["GET"]}}],"collection":[{"href":"https:\/\/cn.cnmza.org.ar\/index.php?rest_route=\/wp\/v2\/pages"}],"about":[{"href":"https:\/\/cn.cnmza.org.ar\/index.php?rest_route=\/wp\/v2\/types\/page"}],"author":[{"embeddable":true,"href":"https:\/\/cn.cnmza.org.ar\/index.php?rest_route=\/wp\/v2\/users\/19"}],"replies":[{"embeddable":true,"href":"https:\/\/cn.cnmza.org.ar\/index.php?rest_route=%2Fwp%2Fv2%2Fcomments&post=35"}],"version-history":[{"count":22,"href":"https:\/\/cn.cnmza.org.ar\/index.php?rest_route=\/wp\/v2\/pages\/35\/revisions"}],"predecessor-version":[{"id":5301,"href":"https:\/\/cn.cnmza.org.ar\/index.php?rest_route=\/wp\/v2\/pages\/35\/revisions\/5301"}],"wp:attachment":[{"href":"https:\/\/cn.cnmza.org.ar\/index.php?rest_route=%2Fwp%2Fv2%2Fmedia&parent=35"}],"curies":[{"name":"wp","href":"https:\/\/api.w.org\/{rel}","templated":true}]}}