{"id":3106,"date":"2018-07-23T09:07:46","date_gmt":"2018-07-23T12:07:46","guid":{"rendered":"http:\/\/cn.cnmza.org.ar\/?page_id=3106"},"modified":"2018-07-23T11:30:41","modified_gmt":"2018-07-23T14:30:41","slug":"privacidad-html","status":"publish","type":"page","link":"https:\/\/cn.cnmza.org.ar\/?page_id=3106","title":{"rendered":"T\u00e9rminos y condiciones"},"content":{"rendered":"\r\n<p><strong>POL\u00cdTICA DE PRIVACIDAD<\/strong><\/p>\r\n<p>La presente Pol\u00edtica de Privacidad establece los t\u00e9rminos en que Colegio Notarial usa y protege la informaci\u00f3n que es proporcionada por sus usuarios al momento de utilizar su aplicaci\u00f3n. Esta compa\u00f1\u00eda est\u00e1 comprometida con la seguridad de los datos de sus usuarios. Cuando le pedimos llenar los campos de informaci\u00f3n personal con la cual usted pueda ser identificado, lo hacemos asegurando que s\u00f3lo se emplear\u00e1 de acuerdo con los t\u00e9rminos de este documento. Sin embargo esta Pol\u00edtica de Privacidad puede cambiar con el tiempo o ser actualizada por lo que le recomendamos y enfatizamos revisar continuamente esta p\u00e1gina para asegurarse que est\u00e1 de acuerdo con dichos cambios.<\/p>\r\n<p><strong>Informaci\u00f3n que es recogida<\/strong><\/p>\r\n<p>Nuestra aplicaci\u00f3n podr\u00e1 recoger informaci\u00f3n personal por ejemplo: Nombre,\u00a0 informaci\u00f3n de contacto como\u00a0 su direcci\u00f3n de correo electr\u00f3nica e informaci\u00f3n demogr\u00e1fica. As\u00ed mismo cuando sea necesario podr\u00e1 ser requerida informaci\u00f3n espec\u00edfica para procesar alg\u00fan pedido o realizar una entrega o facturaci\u00f3n.<\/p>\r\n<p><strong>Uso de la informaci\u00f3n recogida<\/strong><\/p>\r\n<p>Nuestra aplicaci\u00f3n emplea la informaci\u00f3n con el fin de proporcionar el mejor servicio posible, particularmente para mantener un registro de usuarios, de pedidos en caso que aplique, y mejorar nuestros productos y servicios. \u00a0Es posible que sean enviados correos electr\u00f3nicos peri\u00f3dicamente a trav\u00e9s de nuestro sitio con ofertas especiales, nuevos productos y otra informaci\u00f3n publicitaria que consideremos relevante para usted o que pueda brindarle alg\u00fan beneficio, estos correos electr\u00f3nicos ser\u00e1n enviados a la direcci\u00f3n que usted proporcione y podr\u00e1n ser cancelados en cualquier momento.<\/p>\r\n<p>Colegio Notarial est\u00e1 altamente comprometido para cumplir con el compromiso de mantener su informaci\u00f3n segura. Usamos los sistemas m\u00e1s avanzados y los actualizamos constantemente para asegurarnos que no exista ning\u00fan acceso no autorizado.<\/p>\r\n<p><strong>Enlaces a Terceros<\/strong><\/p>\r\n<p>Esta aplicaci\u00f3n pudiera contener en laces a otros sitios que pudieran ser de su inter\u00e9s. Una vez que usted de clic en estos enlaces y abandone nuestra p\u00e1gina, ya no tenemos control sobre al sitio al que es redirigido y por lo tanto no somos responsables de los t\u00e9rminos o privacidad ni de la protecci\u00f3n de sus datos en esos otros sitios terceros. Dichos sitios est\u00e1n sujetos a sus propias pol\u00edticas de privacidad por lo cual es recomendable que los consulte para confirmar que usted est\u00e1 de acuerdo con estas.<\/p>\r\n<p><strong>Control de su informaci\u00f3n personal<\/strong><\/p>\r\n<p>En cualquier momento usted puede restringir la recopilaci\u00f3n o el uso de la informaci\u00f3n personal que es proporcionada a nuestra aplicaci\u00f3n.\u00a0 Cada vez que se le solicite rellenar un formulario, como el de alta de usuario, puede marcar o desmarcar la opci\u00f3n de recibir informaci\u00f3n por correo electr\u00f3nico. \u00a0En caso de que haya marcado la opci\u00f3n de recibir nuestro bolet\u00edn o publicidad usted puede cancelarla en cualquier momento.<\/p>\r\n<p>Esta compa\u00f1\u00eda no vender\u00e1, ceder\u00e1 ni distribuir\u00e1 la informaci\u00f3n personal que es recopilada sin su consentimiento, salvo que sea requerido por un juez con un orden judicial.<\/p>\r\n<p>Colegio Notarial Se reserva el derecho de cambiar los t\u00e9rminos de la presente Pol\u00edtica de Privacidad en cualquier momento.<\/p>\r\n","protected":false},"excerpt":{"rendered":"POL\u00cdTICA DE PRIVACIDAD La presente Pol\u00edtica de Privacidad establece los t\u00e9rminos en que Colegio Notarial usa y protege la informaci\u00f3n que es proporcionada por sus usuarios al momento de utilizar su aplicaci\u00f3n. Esta compa\u00f1\u00eda est\u00e1 comprometida con la seguridad de los datos de sus usuarios. Cuando le pedimos llenar los campos de informaci\u00f3n personal con [&hellip;]","protected":false},"author":19,"featured_media":0,"parent":0,"menu_order":0,"comment_status":"closed","ping_status":"closed","template":"","meta":{"_cbd_carousel_blocks":"[]","footnotes":""},"class_list":["post-3106","page","type-page","status-publish","hentry"],"_links":{"self":[{"href":"https:\/\/cn.cnmza.org.ar\/index.php?rest_route=\/wp\/v2\/pages\/3106","targetHints":{"allow":["GET"]}}],"collection":[{"href":"https:\/\/cn.cnmza.org.ar\/index.php?rest_route=\/wp\/v2\/pages"}],"about":[{"href":"https:\/\/cn.cnmza.org.ar\/index.php?rest_route=\/wp\/v2\/types\/page"}],"author":[{"embeddable":true,"href":"https:\/\/cn.cnmza.org.ar\/index.php?rest_route=\/wp\/v2\/users\/19"}],"replies":[{"embeddable":true,"href":"https:\/\/cn.cnmza.org.ar\/index.php?rest_route=%2Fwp%2Fv2%2Fcomments&post=3106"}],"version-history":[{"count":1,"href":"https:\/\/cn.cnmza.org.ar\/index.php?rest_route=\/wp\/v2\/pages\/3106\/revisions"}],"predecessor-version":[{"id":3107,"href":"https:\/\/cn.cnmza.org.ar\/index.php?rest_route=\/wp\/v2\/pages\/3106\/revisions\/3107"}],"wp:attachment":[{"href":"https:\/\/cn.cnmza.org.ar\/index.php?rest_route=%2Fwp%2Fv2%2Fmedia&parent=3106"}],"curies":[{"name":"wp","href":"https:\/\/api.w.org\/{rel}","templated":true}]}}