{"id":2755,"date":"2018-05-08T12:16:18","date_gmt":"2018-05-08T15:16:18","guid":{"rendered":"http:\/\/cn.cnmza.org.ar\/?page_id=2755"},"modified":"2023-09-05T11:47:37","modified_gmt":"2023-09-05T14:47:37","slug":"servicios_mediacion","status":"publish","type":"page","link":"https:\/\/cn.cnmza.org.ar\/?page_id=2755","title":{"rendered":"Servicios &#8211; Mediaci\u00f3n"},"content":{"rendered":"\r\n<p><a href=\"http:\/\/cn.cnmza.org.ar\/?attachment_id=2865\" rel=\"attachment wp-att-2865\"><img loading=\"lazy\" decoding=\"async\" class=\"wp-image-2865 aligncenter\" src=\"http:\/\/cn.cnmza.org.ar\/wp-content\/uploads\/2018\/05\/Mediacion-1.jpg\" alt=\"Mediacion\" width=\"356\" height=\"356\" srcset=\"https:\/\/cn.cnmza.org.ar\/wp-content\/uploads\/2018\/05\/Mediacion-1.jpg 640w, https:\/\/cn.cnmza.org.ar\/wp-content\/uploads\/2018\/05\/Mediacion-1-150x150.jpg 150w, https:\/\/cn.cnmza.org.ar\/wp-content\/uploads\/2018\/05\/Mediacion-1-300x300.jpg 300w, https:\/\/cn.cnmza.org.ar\/wp-content\/uploads\/2018\/05\/Mediacion-1-550x548.jpg 550w\" sizes=\"auto, (max-width: 356px) 100vw, 356px\" \/><\/a><\/p>\r\n<p><span style=\"color: #000000;\"><strong>NUESTRO CENTRO EST\u00c1 A DISPOSICI\u00d3N DE <em><u>TODA LA SOCIEDAD<\/u><\/em>.<\/strong><\/span><\/p>\r\n<p><span style=\"color: #000000;\"><strong>CUALQUIER PERSONA PUEDE SOLICITAR SUS SERVICIOS PARA RESOLVER <em><u>TODO TIPO DE CONFLICTOS<\/u><\/em>, A SABER:<\/strong><\/span><\/p>\r\n<table>\r\n<tbody>\r\n<tr>\r\n<td width=\"196\">\r\n<ul>\r\n\t<li><span style=\"color: #000000;\"><strong>PATRIMONIALES<\/strong><\/span><\/li>\r\n<\/ul>\r\n<\/td>\r\n<td width=\"288\">\r\n<ul>\r\n\t<li><span style=\"color: #000000;\"><strong>ESCOLARES<\/strong><\/span><\/li>\r\n<\/ul>\r\n<\/td>\r\n<\/tr>\r\n<tr>\r\n<td width=\"196\">\r\n<ul>\r\n\t<li><span style=\"color: #000000;\"><strong>COMERCIALES<\/strong><\/span><\/li>\r\n<\/ul>\r\n<\/td>\r\n<td width=\"288\">\r\n<ul>\r\n\t<li><span style=\"color: #000000;\"><strong>EMPRESARIALES<\/strong><\/span><\/li>\r\n<\/ul>\r\n<\/td>\r\n<\/tr>\r\n<tr>\r\n<td width=\"196\">\r\n<ul>\r\n\t<li><span style=\"color: #000000;\"><strong>FAMILIARES <\/strong><\/span><\/li>\r\n<\/ul>\r\n<\/td>\r\n<td width=\"288\">\r\n<ul>\r\n\t<li><span style=\"color: #000000;\"><strong>VECINALES<\/strong><\/span><\/li>\r\n<\/ul>\r\n<\/td>\r\n<\/tr>\r\n<tr>\r\n<td width=\"196\">\r\n<ul>\r\n\t<li><span style=\"color: #000000;\"><strong>CONSORCIOS <\/strong><\/span><\/li>\r\n<\/ul>\r\n<\/td>\r\n<td width=\"288\">\r\n<ul>\r\n\t<li><span style=\"color: #000000;\"><strong>BARRIOS PRIVADOS<\/strong><\/span><\/li>\r\n<\/ul>\r\n<\/td>\r\n<\/tr>\r\n<\/tbody><\/table>\r\n<p><span style=\"color: #000000;\"><strong>\u00bfQUE ES LA MEDIACION?<\/strong><\/span><\/p>\r\n<p><span style=\"color: #000000;\"><strong>ES UN METODO DE RESOLUCION DE CONFLICTOS, AL CUAL LAS PARTES SE SOMETEN <em>VOLUNTARIAMENTE<\/em>, Y EN UN MARCO DE <em>CONFIDENCIALIDAD<\/em>, DIALOGAN DE MANERA INSTITUCIONALIZADA, CON LA PRESENCIA DE UN MEDIADOR QUE LOS ASISTIR\u00c1 EN FORMA <em>IMPARCIAL<\/em>.<\/strong><\/span><\/p>\r\n<ul>\r\n\t<li><span style=\"color: #000000;\">EL MEDIADOR NO ASESORA NI RESUELVE EL CASO, SINO QUE <strong>ASISTE<\/strong> A LAS PARTES ABRIENDO CANALES DE DIALOGO, SIENDO LOS MEDIADOS LOS <strong>PROTAGONISTAS<\/strong> DEL PROCESO Y EXCLUSIVAMENTE ELLOS QUIENES PUEDEN ENCONTRAR LA SOLUCION.<\/span><\/li>\r\n<\/ul>\r\n<ul>\r\n\t<li><span style=\"color: #000000;\">EN NUESTRO CENTRO SEGUIMOS LA ORIENTACION DEL <strong>METODO DE NEGOCIACION DE LA ESCUELA DE HARVARD<\/strong> DESARROLLADA POR FISHER, URY Y PATTON, CON EL CUAL PERSEGUIMOS EL \u201cGANAR-GANAR\u201d. ESTO SIGNIFICA QUE EN EL CASO NO HAYA GANADORES NI PERDEDORES, SINO QUE AMBAS PARTES PUEDAN ELABORAR UN ACUERDO QUE SATISFAGA LOS INTERESES DE AMBOS.<strong> <br \/><\/strong><\/span><\/li>\r\n<\/ul>\r\n<p><a href=\"https:\/\/cn.cnmza.org.ar\/wp-content\/uploads\/2023\/09\/Estatutos.pdf\" target=\"_blank\"><strong>CLAUSULAS DE MEDIACI\u00d3N Y\/O ARBITRO SUGERIDAS PARA ESTATUTOS DE SOCIEDADES Y CONTRATOS<\/strong><\/a> <!--<\/p>\r\n<p><span style=\"color: #000000;\"><strong>CONTAMOS CON UN CUERPO DE 16 MEDIADORES, TODOS ESCRIBANOS, QUIENES SON:<\/strong><\/span><\/p>\r\n<table>\r\n<tbody>\r\n<tr>\r\n<td width=\"234\">\r\n<p><span style=\"color: #000000;\">\u00a0\u00a0\u00a0\u00a0\u00a0 Paula Nogu\u00e9s<\/span><\/p><\/td>\r\n<td width=\"288\">\r\n<p><span style=\"color: #000000;\">\u00a0\u00a0\u00a0\u00a0\u00a0 Eva Elizabeth Lopez<\/span><\/p><\/td>\r\n<\/tr>\r\n<tr>\r\n<td width=\"234\">\r\n<p><span style=\"color: #000000;\">\u00a0\u00a0\u00a0\u00a0\u00a0 A. M\u00f3nica Vizca\u00edno<\/span><\/p><\/td>\r\n<td width=\"288\">\r\n<p><span style=\"color: #000000;\">\u00a0\u00a0\u00a0\u00a0\u00a0 Lorena Paula Llugany<\/span><\/p><\/td>\r\n<\/tr>\r\n<tr>\r\n<td width=\"234\">\r\n<p><span style=\"color: #000000;\">\u00a0\u00a0\u00a0\u00a0\u00a0 M. E. Tejada de Prados<\/span><\/p><\/td>\r\n<td width=\"288\">\r\n<p><span style=\"color: #000000;\">\u00a0\u00a0\u00a0\u00a0\u00a0 Erica Garc\u00eda Arnera<\/span><\/p><\/td>\r\n<\/tr>\r\n<tr>\r\n<td width=\"234\">\r\n<p><span style=\"color: #000000;\">\u00a0\u00a0\u00a0\u00a0\u00a0 Eliana C. Sileoni<\/span><\/p><\/td>\r\n<td width=\"288\">\r\n<p><span style=\"color: #000000;\">\u00a0\u00a0\u00a0\u00a0\u00a0 Mar\u00eda Bel\u00e9n Baccani<\/span><\/p><\/td>\r\n<\/tr>\r\n<tr>\r\n<td width=\"234\">\r\n<p><span style=\"color: #000000;\">\u00a0\u00a0\u00a0\u00a0\u00a0 M\u00f3nica M. Ram\u00f3n Pe\u00f1a<\/span><\/p><\/td>\r\n<td width=\"288\">\r\n<p><span style=\"color: #000000;\">\u00a0\u00a0\u00a0\u00a0\u00a0 Carina Lorena Avallone Crisafulli<\/span><\/p><\/td>\r\n<\/tr>\r\n<tr>\r\n<td width=\"234\">\r\n<p><span style=\"color: #000000;\">\u00a0\u00a0\u00a0\u00a0\u00a0 Mabel B. Cecilia Mar\u00fan<\/span><\/p><\/td>\r\n<td width=\"288\">\r\n<p><span style=\"color: #000000;\">\u00a0\u00a0\u00a0\u00a0\u00a0 Daniela Castro<\/span><\/p><\/td>\r\n<\/tr>\r\n<tr>\r\n<td width=\"234\">\r\n<p><span style=\"color: #000000;\">\u00a0\u00a0\u00a0\u00a0\u00a0 Pamela\u00a0 Montiel Aguerre<\/span><\/p><\/td>\r\n<td width=\"288\">\r\n<p><span style=\"color: #000000;\">\u00a0\u00a0\u00a0\u00a0\u00a0 Gabriela Zavaronni<\/span><\/p><\/td>\r\n<\/tr>\r\n<tr>\r\n<td width=\"234\">\r\n<p><span style=\"color: #000000;\">\u00a0\u00a0\u00a0\u00a0\u00a0 Sergio Pascual Miranda<\/span><\/p><\/td>\r\n<td width=\"288\">\r\n<p><span style=\"color: #000000;\">\u00a0\u00a0\u00a0\u00a0\u00a0 Carina Beatriz Borsani<\/span><\/p><\/td>\r\n<\/tr>\r\n<tr>\r\n<td width=\"234\">\r\n<p><span style=\"color: #000000;\">\u00a0 \u00a0 \u00a0 Romina Carla Diego<\/span><\/p><\/td>\r\n<td width=\"288\">\r\n<p><span style=\"color: #000000;\">\u00a0 \u00a0 \u00a0Mar\u00eda Alejandra Z\u00e1rate<\/span><\/p><\/td>\r\n<\/tr>\r\n<\/tbody><\/table>\r\n<p>--><\/p>\r\n<p>&nbsp;<\/p>\r\n<p><strong>CONSULTAS<\/strong> (sin cargo)<strong>: <\/strong><strong>MIERCOLES DE 9 A 12HS<\/strong><\/p>\r\n<p><span style=\"color: #000000;\"><strong>TELEFONO:<\/strong> <strong>476-4029<\/strong><\/span><\/p>\r\n<p>&nbsp;<\/p>\r\n","protected":false},"excerpt":{"rendered":"NUESTRO CENTRO EST\u00c1 A DISPOSICI\u00d3N DE TODA LA SOCIEDAD. CUALQUIER PERSONA PUEDE SOLICITAR SUS SERVICIOS PARA RESOLVER TODO TIPO DE CONFLICTOS, A SABER: PATRIMONIALES ESCOLARES COMERCIALES EMPRESARIALES FAMILIARES VECINALES CONSORCIOS BARRIOS PRIVADOS \u00bfQUE ES LA MEDIACION? ES UN METODO DE RESOLUCION DE CONFLICTOS, AL CUAL LAS PARTES SE SOMETEN VOLUNTARIAMENTE, Y EN UN MARCO DE [&hellip;]","protected":false},"author":19,"featured_media":2757,"parent":0,"menu_order":0,"comment_status":"closed","ping_status":"closed","template":"","meta":{"_cbd_carousel_blocks":"[]","footnotes":""},"class_list":["post-2755","page","type-page","status-publish","has-post-thumbnail","hentry"],"_links":{"self":[{"href":"https:\/\/cn.cnmza.org.ar\/index.php?rest_route=\/wp\/v2\/pages\/2755","targetHints":{"allow":["GET"]}}],"collection":[{"href":"https:\/\/cn.cnmza.org.ar\/index.php?rest_route=\/wp\/v2\/pages"}],"about":[{"href":"https:\/\/cn.cnmza.org.ar\/index.php?rest_route=\/wp\/v2\/types\/page"}],"author":[{"embeddable":true,"href":"https:\/\/cn.cnmza.org.ar\/index.php?rest_route=\/wp\/v2\/users\/19"}],"replies":[{"embeddable":true,"href":"https:\/\/cn.cnmza.org.ar\/index.php?rest_route=%2Fwp%2Fv2%2Fcomments&post=2755"}],"version-history":[{"count":13,"href":"https:\/\/cn.cnmza.org.ar\/index.php?rest_route=\/wp\/v2\/pages\/2755\/revisions"}],"predecessor-version":[{"id":6664,"href":"https:\/\/cn.cnmza.org.ar\/index.php?rest_route=\/wp\/v2\/pages\/2755\/revisions\/6664"}],"wp:featuredmedia":[{"embeddable":true,"href":"https:\/\/cn.cnmza.org.ar\/index.php?rest_route=\/wp\/v2\/media\/2757"}],"wp:attachment":[{"href":"https:\/\/cn.cnmza.org.ar\/index.php?rest_route=%2Fwp%2Fv2%2Fmedia&parent=2755"}],"curies":[{"name":"wp","href":"https:\/\/api.w.org\/{rel}","templated":true}]}}