{"id":25,"date":"2015-11-23T13:30:32","date_gmt":"2015-11-23T13:30:32","guid":{"rendered":"http:\/\/cnm.dondemires.com\/?page_id=25"},"modified":"2025-11-05T10:07:12","modified_gmt":"2025-11-05T13:07:12","slug":"servicios_digitalizacion","status":"publish","type":"page","link":"https:\/\/cn.cnmza.org.ar\/?page_id=25","title":{"rendered":"Servicios &#8211; Encuadernaci\u00f3n"},"content":{"rendered":"\n<h2 class=\"wp-block-heading\">ENCUADERNACION DE PROTOCOLOS<\/h2>\n\n\n\n<p>La encuadernaci\u00f3n de protocolos es sin cargo para el notariado, de los tomos correspondientes a los dos a\u00f1os anteriores a la fecha de recepci\u00f3n del a\u00f1o en curso. Los a\u00f1os anteriores deber\u00e1n ser abonados \u00edntegramente por el notario\/a.<\/p>\n\n\n\n<p><a href=\"https:\/\/cn.cnmza.org.ar\/wp-content\/uploads\/2015\/11\/Resoluci\u00f3n-Encuadernac-109-19.pdf\">Resoluci\u00f3n 109\/19<\/a><\/p>\n\n\n\n<p>Encuadernadores habilitados:<\/p>\n\n\n\n<h4 class=\"wp-block-heading\">1\u00ba CIRCUNSCRIPCION<\/h4>\n\n\n\n<p>- Taller de Encuadernaci\u00f3n OBREDOR&nbsp;<br>&nbsp; Direcci\u00f3n: Pilcomayo 384 \u2013 Benegas \u2013 Godoy Cruz.<br>&nbsp; Tel\u00e9fono: 156797254 o 4525105&nbsp;<br>&nbsp; Mail:&nbsp;<a href=\"mailto:juanobredor0126@gmail.com\" target=\"_blank\" rel=\"noopener\">juanobredor0126@gmail.com<\/a><\/p>\n\n\n\n<p>-\u00a0Matias Nicolas RIVEROS<br>\u00a0 Direcci\u00f3n: San Juan 507. Capital. Mendoza.<br>\u00a0 Tel 2612567006 . Mail:\u00a0<a href=\"mailto:encuadernacionriveros@gmail.com\" target=\"_blank\" rel=\"noopener\">encuadernacionriveros@gmail.com<\/a><\/p>\n\n\n\n<p>-&nbsp;Taller de encuadernaci\u00f3n RENTERIA:<br>&nbsp; &nbsp;Direcci\u00f3n: Jorge A. Calle 18 - Mendoza.<br>&nbsp; &nbsp;Tel\u00e9fonos: Sr. Olaf: 2616186939 &nbsp;Sr. Alcides: 2616939058<br>&nbsp; &nbsp;Mail: encuadernacionrenteria@gmail.com<\/p>\n\n\n\n<p>-&nbsp;Taller de encuadernaci\u00f3n Guillermo Reyes:<br>&nbsp; &nbsp;Direcci\u00f3n: Juan Cruz Vera esq. Ram\u00edrez, local 3, Capital, Mendoza<br>&nbsp; &nbsp;Tel\u00e9fono: 2616592200<br>&nbsp; &nbsp;Mail:&nbsp;<a href=\"mailto:grservicios@yahoo.com\" target=\"_blank\" rel=\"noopener\">grservicios@yahoo.com<\/a><\/p>\n\n\n\n<h4 class=\"wp-block-heading\">2\u00ba CIRCUNSCRIPCION<\/h4>\n\n\n\n<p>- Taller Edgardo Garc\u00eda -&nbsp;<strong>&nbsp;<\/strong>Deoclesio Garc\u00eda N\u00b0 98, San Rafael, Mendoza -Tel.&nbsp;0260 4426918\/0260 154057651.<\/p>\n\n\n\n<p class=\"v1v1MsoNormal\">- Bibiana Martinez -&nbsp;Santa fe 521 .Cel. 54 9 2604 65-1350 - Correo:&nbsp;<a href=\"mailto:Robertvalenaguspipi@gmail.com\" rel=\"noreferrer\">Robertvalenaguspipi@gmail.com<\/a><\/p>\n\n\n\n<h4 class=\"wp-block-heading\">3\u00ba CIRCUNSCRIPCION<\/h4>\n\n\n\n<p>- Evelina CASAGRANDE -&nbsp;Pirovano 691 - San Mart\u00edn - Mendoza -Tel. (2634) - 429874 - Correo:&nbsp;<a href=\"mailto:evelinacasagrande@gmail.com\" target=\"_blank\" rel=\"noopener\">evelinacasagrande@gmail.com<\/a><\/p>\n","protected":false},"excerpt":{"rendered":"ENCUADERNACION DE PROTOCOLOS La encuadernaci\u00f3n de protocolos es sin cargo para el notariado, de los tomos correspondientes a los dos a\u00f1os anteriores a la fecha de recepci\u00f3n del a\u00f1o en curso. Los a\u00f1os anteriores deber\u00e1n ser abonados \u00edntegramente por el notario\/a. Resoluci\u00f3n 109\/19 Encuadernadores habilitados: 1\u00ba CIRCUNSCRIPCION &#8211; Taller de Encuadernaci\u00f3n OBREDOR&nbsp;&nbsp; Direcci\u00f3n: Pilcomayo 384 [&hellip;]","protected":false},"author":19,"featured_media":0,"parent":0,"menu_order":0,"comment_status":"closed","ping_status":"closed","template":"servicios_an_digitalizacion.php","meta":{"_cbd_carousel_blocks":"[]","footnotes":""},"class_list":["post-25","page","type-page","status-publish","hentry"],"_links":{"self":[{"href":"https:\/\/cn.cnmza.org.ar\/index.php?rest_route=\/wp\/v2\/pages\/25","targetHints":{"allow":["GET"]}}],"collection":[{"href":"https:\/\/cn.cnmza.org.ar\/index.php?rest_route=\/wp\/v2\/pages"}],"about":[{"href":"https:\/\/cn.cnmza.org.ar\/index.php?rest_route=\/wp\/v2\/types\/page"}],"author":[{"embeddable":true,"href":"https:\/\/cn.cnmza.org.ar\/index.php?rest_route=\/wp\/v2\/users\/19"}],"replies":[{"embeddable":true,"href":"https:\/\/cn.cnmza.org.ar\/index.php?rest_route=%2Fwp%2Fv2%2Fcomments&post=25"}],"version-history":[{"count":32,"href":"https:\/\/cn.cnmza.org.ar\/index.php?rest_route=\/wp\/v2\/pages\/25\/revisions"}],"predecessor-version":[{"id":7248,"href":"https:\/\/cn.cnmza.org.ar\/index.php?rest_route=\/wp\/v2\/pages\/25\/revisions\/7248"}],"wp:attachment":[{"href":"https:\/\/cn.cnmza.org.ar\/index.php?rest_route=%2Fwp%2Fv2%2Fmedia&parent=25"}],"curies":[{"name":"wp","href":"https:\/\/api.w.org\/{rel}","templated":true}]}}