{"id":2214,"date":"2017-08-14T10:27:39","date_gmt":"2017-08-14T13:27:39","guid":{"rendered":"http:\/\/cn.cnmza.org.ar\/?page_id=2214"},"modified":"2021-09-01T09:53:10","modified_gmt":"2021-09-01T12:53:10","slug":"playa","status":"publish","type":"page","link":"https:\/\/cn.cnmza.org.ar\/?page_id=2214","title":{"rendered":"PLAYA DE ESTACIONAMIENTO"},"content":{"rendered":"\r\n<p style=\"text-align: justify;\"><strong><u>REGLAMENTO DE USO DE PLAYA DE ESTACIONAMIENTO<\/u><\/strong><\/p>\r\n<p style=\"text-align: justify;\"><strong>\u00a0<\/strong><\/p>\r\n<p style=\"text-align: justify;\"><strong>1-\u00a0\u00a0 <u>PLAYA UBICADA DETR\u00c1S DEL EDIFICIO DEL COLEGIO NOTARIAL<\/u>:<\/strong> Ser\u00e1 de USO EXCLUSIVO de las Autoridades y Miembros del Consejo Superior, Primera Circunscripci\u00f3n Notarial y Tribunal de \u00c9tica.<\/p>\r\n<p style=\"text-align: justify;\"><strong>2-\u00a0\u00a0 <u>PLAYA COLINDANTE AL EDIFICIO:<\/u><\/strong><\/p>\r\n<p style=\"text-align: justify;\">Esta deber\u00e1 ser utilizada EXCLUSIVAMENTE POR NOTARIOS, de la siguiente forma:<\/p>\r\n<ol style=\"text-align: justify;\">\r\n\t<li>A partir de las 08.00 horas y durante todo el horario que permanezca abierta la playa de estacionamiento en su totalidad (sector sur y norte), su \u00a0tiempo de uso estar\u00e1 limitado a\u00a0 <strong>DOS HORAS<\/strong> por veh\u00edculo,\u00a0 siendo esta para uso exclusivo de Escribanos y para realizar tr\u00e1mites en el Colegio Notarial, tr\u00e1mites\u00a0 administrativos, consulta, y\/o asesoramiento, compra de insumos y\/o legalizaciones.-<\/li>\r\n\t<li><u>El per\u00edodo de 2 HORAS,<\/u> ser\u00e1 computado para cada Escribano que ingrese con su veh\u00edculo, quien lo podr\u00e1 hacer <u>solamente una vez por turno<\/u>, siendo considerado el primero de 8:00 a 15,00 horas y el segundo de 15,00 horas a 19,00 horas, es decir que podr\u00e1 permanecer un per\u00edodo (2 horas) por Turno.-<\/li>\r\n\t<li>Quedan reservados la totalidad de Cinco (5) lugares para embarazadas y escribanos con capacidades diferentes los cuales se encontraran individualizados, siendo su tiempo de uso limitado a <strong>DOS HORAS.-<\/strong><\/li>\r\n\t<li>Existen c\u00e1maras de seguridad en el interior de la playa para controlar que el ingreso a la misma sea<strong><u> SOLO PARA ESCRIBANOS<\/u><\/strong> (no familiares, c\u00f3nyuges y\/o amigos) y que se cumple con el l\u00edmite de uso establecido. Asimismo estas servir\u00e1n para la seguridad de los Notarios y sus veh\u00edculos.-<\/li>\r\n\t<li>Excepcionalmente los d\u00edas en los cuales se dicten cursos en la Sede del colegio Notarial se permitir\u00e1 la permanencia de los veh\u00edculos durante el tiempo que dure el mismo, para lo cual se le informara al encargado de la playa el horario de inicio y finalizaci\u00f3n del mismo.<\/li>\r\n<\/ol>\r\n<p style=\"text-align: justify;\">El control ser\u00e1 llevado a cabo por el encargado de la playa mediante el uso de tarjetas, en las cuales se indicar\u00e1 la hora de ingreso y salida del veh\u00edculo.<\/p>\r\n<p style=\"text-align: justify;\">\u00a0El encargado de la playa, diariamente, rendir\u00e1 las tarjetas utilizadas a quien se le determine, a efectos de controlar el cumplimiento del presente reglamento. Para el caso de inobservancia de lo establecido en el mismo, se fijar\u00e1 la sanci\u00f3n correspondiente.<\/p>\r\n<p style=\"text-align: justify;\"><strong><u>SANCIONES:<\/u><\/strong><\/p>\r\n<p style=\"text-align: justify;\">En caso de incumplimiento de lo establecido en el punto <strong>2-A y 2-B<\/strong>; el Consejo Superior o quien corresponda, resolver\u00e1 la sanci\u00f3n aplicable, la que ser\u00e1: ante el primer incumplimiento, un <strong>LLAMADO DE ATENCI\u00d3N<\/strong>; ante el segundo incumplimiento, la <strong>SUSPENSI\u00d3N POR EL T\u00c9RMINO DE UN MES<\/strong> del derecho a utilizar la playa de estacionamiento; y finalmente, ante un tercer incumplimiento, <strong>LA PRIVACI\u00d3N DEL SERVICIO DE ESTACIONAMIENTO<\/strong>, para aquellos Notarios que demuestren una falta de voluntad en el acatamiento del presente reglamento; determinando el Consejo Superior o quien corresponda, si la misma ser\u00e1 temporal o definitiva, de acuerdo a la gravedad del caso. Asimismo se controlara la velocidad de circulaci\u00f3n y la colaboraci\u00f3n en la limpieza siendo tambi\u00e9n pasibles de sanciones. La Primera Circunscripci\u00f3n del Colegio Notarial reserva el <strong><u>DERECHO DE ADMISI\u00d3N<\/u><\/strong> a la Playa de Estacionamiento.<\/p>\r\n<p style=\"text-align: justify;\"><u>\u00a0<\/u><\/p>\r\n<p style=\"text-align: justify;\"><strong><u>DISPOSICIONES COMPLEMENTARIAS<\/u><\/strong><\/p>\r\n<p style=\"text-align: justify;\">La playa de estacionamiento es para el <strong>USO EXCLUSIVO DE NOTARIOS<\/strong>. No podr\u00e1n hacer uso de la misma: vecinos, abogados, empleados de las notar\u00edas, ni familiares de los Notarios, por m\u00e1s que fueran autorizados extraoficialmente, la presente prohibici\u00f3n se extiende a aquellas personas que ingresan a la playa a efectos de estacionar o retirar el veh\u00edculo aun por encargo de Notarios cuando estos no se encuentren a bordo del veh\u00edculo, salvo situaciones de fuerza mayor debidamente justificada. Los Notarios tendr\u00e1n facultad para denunciar, ante la Primera Circunscripci\u00f3n del Colegio Notarial, la falta de cumplimiento con lo establecido en el presente reglamento, como as\u00ed tambi\u00e9n irregularidades que se produzcan, ya sea por parte de empleados del Colegio Notarial, por terceros o por otros Notarios.<\/p>\r\n<p style=\"text-align: justify;\"><\/p>\r\n<p style=\"text-align: justify;\">Todos los Notarios que pretendan hacer uso del servicio de playa prestado por la sede de la Primera Circunscripci\u00f3n Notarial del Colegio Notarial de Mendoza, deber\u00e1n refrendar previamente el presente reglamento, en prueba de su conocimiento y compromiso de observancia.<\/p>\r\n<p style=\"text-align: justify;\"><\/p>\r\n<p style=\"text-align: justify;\"><strong><u>\u00a0<\/u><\/strong><\/p>\r\n","protected":false},"excerpt":{"rendered":"REGLAMENTO DE USO DE PLAYA DE ESTACIONAMIENTO \u00a0 1-\u00a0\u00a0 PLAYA UBICADA DETR\u00c1S DEL EDIFICIO DEL COLEGIO NOTARIAL: Ser\u00e1 de USO EXCLUSIVO de las Autoridades y Miembros del Consejo Superior, Primera Circunscripci\u00f3n Notarial y Tribunal de \u00c9tica. 2-\u00a0\u00a0 PLAYA COLINDANTE AL EDIFICIO: Esta deber\u00e1 ser utilizada EXCLUSIVAMENTE POR NOTARIOS, de la siguiente forma: A partir de [&hellip;]","protected":false},"author":19,"featured_media":0,"parent":0,"menu_order":0,"comment_status":"closed","ping_status":"closed","template":"","meta":{"_cbd_carousel_blocks":"[]","footnotes":""},"class_list":["post-2214","page","type-page","status-publish","hentry"],"_links":{"self":[{"href":"https:\/\/cn.cnmza.org.ar\/index.php?rest_route=\/wp\/v2\/pages\/2214","targetHints":{"allow":["GET"]}}],"collection":[{"href":"https:\/\/cn.cnmza.org.ar\/index.php?rest_route=\/wp\/v2\/pages"}],"about":[{"href":"https:\/\/cn.cnmza.org.ar\/index.php?rest_route=\/wp\/v2\/types\/page"}],"author":[{"embeddable":true,"href":"https:\/\/cn.cnmza.org.ar\/index.php?rest_route=\/wp\/v2\/users\/19"}],"replies":[{"embeddable":true,"href":"https:\/\/cn.cnmza.org.ar\/index.php?rest_route=%2Fwp%2Fv2%2Fcomments&post=2214"}],"version-history":[{"count":4,"href":"https:\/\/cn.cnmza.org.ar\/index.php?rest_route=\/wp\/v2\/pages\/2214\/revisions"}],"predecessor-version":[{"id":5574,"href":"https:\/\/cn.cnmza.org.ar\/index.php?rest_route=\/wp\/v2\/pages\/2214\/revisions\/5574"}],"wp:attachment":[{"href":"https:\/\/cn.cnmza.org.ar\/index.php?rest_route=%2Fwp%2Fv2%2Fmedia&parent=2214"}],"curies":[{"name":"wp","href":"https:\/\/api.w.org\/{rel}","templated":true}]}}