{"id":21,"date":"2015-11-23T13:28:55","date_gmt":"2015-11-23T13:28:55","guid":{"rendered":"http:\/\/cnm.dondemires.com\/?page_id=21"},"modified":"2026-01-20T08:36:46","modified_gmt":"2026-01-20T11:36:46","slug":"servicios_camping","status":"publish","type":"page","link":"https:\/\/cn.cnmza.org.ar\/?page_id=21","title":{"rendered":"Servicios &#8211; Camping"},"content":{"rendered":"\n<h2 class=\"wp-block-heading\">Camping Notarial<\/h2>\n\n\n\n<p>El Camping Notarial se encuentra en calle Franklin Villanueva sin n\u00famero, Lunlunta, Maip\u00fa. A 700 metros aproximadamente de la Capilla de Nuestra Se\u00f1ora del Tr\u00e1nsito, y cuenta con 4.000 metros cuadrados parquizados, para la recreaci\u00f3n y esparcimiento de los notarios y sus invitados.<\/p>\n\n\n\n<p><a class=\"has-white-color has-text-color has-link-color\" href=\"http:\/\/www.cnmza.org.ar\/archivo\/2019\/camping.jpg\">Ver croquis de la ubicaci\u00f3n<\/a><\/p>\n\n\n\n<p><strong>Reserva exclusivamente a trav\u00e9s de la aplicaci\u00f3n:<\/strong><\/p>\n\n\n\n<ul class=\"wp-block-list\">\n<li><a class=\"has-white-color has-text-color has-link-color\" href=\"https:\/\/play.google.com\/store\/apps\/details?id=com.turnosya.colegionotarialmendoza\">Android<\/a><\/li>\n\n\n\n<li><a class=\"has-white-color has-text-color has-link-color\" href=\"https:\/\/apps.apple.com\/ar\/app\/camping-colegio-notarial-mza\/id1603299812\">iOS<\/a><\/li>\n<\/ul>\n\n\n\n<h3 class=\"wp-block-heading\">Valores desde 17\/11\/2025<\/h3>\n\n\n\n<ul class=\"wp-block-list\">\n<li>Notarios: Sin cargo<\/li>\n\n\n\n<li>Ni\u00f1os hasta 5 a\u00f1os: Sin Cargo<\/li>\n\n\n\n<li>Ni\u00f1os de 6 a 12 a\u00f1os: $2.200,-<\/li>\n\n\n\n<li>Adultos: $6.500,-<\/li>\n<\/ul>\n\n\n\n<h3 class=\"wp-block-heading\">Horarios<\/h3>\n\n\n\n<ul class=\"wp-block-list\">\n<li>Martes a Domingo de 11:00 a 23:00hs<\/li>\n\n\n\n<li>Pileta: de 11:00 a 20:00hs<\/li>\n<\/ul>\n\n\n\n<h3 class=\"wp-block-heading\">Servicios<\/h3>\n\n\n\n<p>Estacionamiento (con espacio para 35 autom\u00f3viles)<br>Piscina (una para adultos y otra para ni\u00f1os, con ba\u00f1ero)<br>Ba\u00f1os<br>Quincho (200 m2)<br>Cocina completa con horno, freezer y heladeras<br>Churrasqueras (al aire libre y techada)<br>Cancha f\u00fatbol, paddle, metegol y juegos para ni\u00f1os<br>Mesas, sillas y sillones<br>Vajilla<\/p>\n\n\n\n<h3 class=\"wp-block-heading\">App web<\/h3>\n\n\n\n<p><em>Pueden hacer sus reservas a trav\u00e9s de la app que se encuentra a disposici\u00f3n en la p\u00e1gina del Colegio Notarial o a trav\u00e9s del siguiente link:&nbsp;<strong><a class=\"has-white-color has-text-color has-link-color\" href=\"https:\/\/colegionotarialmendoza.turnosya.com\/app\/\">haga click aqu\u00ed<\/a><\/strong><\/em><\/p>\n\n\n\n<h3 class=\"wp-block-heading\">Solicitud e informes<\/h3>\n\n\n\n<p><em>Para reservar Eventos o Reuniones Nocturnas (de 20:00 a 2:30 am), lo deber\u00e1n realizar por el mismo link; consultar disponibilidad y costos en la Primera Circunscripci\u00f3n enviando un correo a&nbsp;<strong><a class=\"has-white-color has-text-color has-link-color\">primera@cnmza.org.ar<\/a><\/strong><\/em><\/p>\n","protected":false},"excerpt":{"rendered":"Camping Notarial El Camping Notarial se encuentra en calle Franklin Villanueva sin n\u00famero, Lunlunta, Maip\u00fa. A 700 metros aproximadamente de la Capilla de Nuestra Se\u00f1ora del Tr\u00e1nsito, y cuenta con 4.000 metros cuadrados parquizados, para la recreaci\u00f3n y esparcimiento de los notarios y sus invitados. Ver croquis de la ubicaci\u00f3n Reserva exclusivamente a trav\u00e9s de [&hellip;]","protected":false},"author":19,"featured_media":100,"parent":0,"menu_order":0,"comment_status":"closed","ping_status":"closed","template":"servicios_an_camping.php","meta":{"_cbd_carousel_blocks":"[]","footnotes":""},"class_list":["post-21","page","type-page","status-publish","has-post-thumbnail","hentry"],"_links":{"self":[{"href":"https:\/\/cn.cnmza.org.ar\/index.php?rest_route=\/wp\/v2\/pages\/21","targetHints":{"allow":["GET"]}}],"collection":[{"href":"https:\/\/cn.cnmza.org.ar\/index.php?rest_route=\/wp\/v2\/pages"}],"about":[{"href":"https:\/\/cn.cnmza.org.ar\/index.php?rest_route=\/wp\/v2\/types\/page"}],"author":[{"embeddable":true,"href":"https:\/\/cn.cnmza.org.ar\/index.php?rest_route=\/wp\/v2\/users\/19"}],"replies":[{"embeddable":true,"href":"https:\/\/cn.cnmza.org.ar\/index.php?rest_route=%2Fwp%2Fv2%2Fcomments&post=21"}],"version-history":[{"count":62,"href":"https:\/\/cn.cnmza.org.ar\/index.php?rest_route=\/wp\/v2\/pages\/21\/revisions"}],"predecessor-version":[{"id":7284,"href":"https:\/\/cn.cnmza.org.ar\/index.php?rest_route=\/wp\/v2\/pages\/21\/revisions\/7284"}],"wp:featuredmedia":[{"embeddable":true,"href":"https:\/\/cn.cnmza.org.ar\/index.php?rest_route=\/wp\/v2\/media\/100"}],"wp:attachment":[{"href":"https:\/\/cn.cnmza.org.ar\/index.php?rest_route=%2Fwp%2Fv2%2Fmedia&parent=21"}],"curies":[{"name":"wp","href":"https:\/\/api.w.org\/{rel}","templated":true}]}}