{"id":1923,"date":"2017-04-19T11:33:35","date_gmt":"2017-04-19T14:33:35","guid":{"rendered":"http:\/\/cn.cnmza.org.ar\/?page_id=1923"},"modified":"2025-10-24T08:25:19","modified_gmt":"2025-10-24T11:25:19","slug":"renaper","status":"publish","type":"page","link":"https:\/\/cn.cnmza.org.ar\/?page_id=1923","title":{"rendered":"RENAPER"},"content":{"rendered":"\n<p>&nbsp;<\/p>\n\n\n\n<h1 class=\"wp-block-heading\">RENAPER<\/h1>\n\n\n\n<p>Debe ingresar con usuario y contrase\u00f1a en ( <a href=\"https:\/\/plataformanotario.cnmza.org.ar\/personas-web\/\">https:\/\/plataformanotario.cnmza.org.ar\/personas-web\/<\/a> ), si no lo posee, puede restablecer la contrase\u00f1a con la opci\u00f3n \"He olvidado mi contrase\u00f1a\". <\/p>\n\n\n\n<p>Cada consulta de RENAPER consume 1 cr\u00e9dito. Los mismos\u00a0se adquirir en el carrito de compras digital, dentro de la misma plataforma.<\/p>\n\n\n\n<p>Deber\u00e1 ingresar DNI Y GENERO para cada persona. Cada reporte exitoso generar\u00e1 un archivo PDF, y se descontar\u00e1 un cr\u00e9dito.<\/p>\n\n\n\n<p>Una vez que el PDF se gener\u00f3 con \u00e9xito, queda almacenado en su propio historial de consultas para poder acceder al mismo cuantas veces quieras, sin costo.<\/p>\n","protected":false},"excerpt":{"rendered":"&nbsp; RENAPER Debe ingresar con usuario y contrase\u00f1a en ( https:\/\/plataformanotario.cnmza.org.ar\/personas-web\/ ), si no lo posee, puede restablecer la contrase\u00f1a con la opci\u00f3n \u00abHe olvidado mi contrase\u00f1a\u00bb. Cada consulta de RENAPER consume 1 cr\u00e9dito. Los mismos\u00a0se adquirir en el carrito de compras digital, dentro de la misma plataforma. Deber\u00e1 ingresar DNI Y GENERO para cada [&hellip;]","protected":false},"author":19,"featured_media":0,"parent":27,"menu_order":0,"comment_status":"closed","ping_status":"closed","template":"","meta":{"_cbd_carousel_blocks":"[]","footnotes":""},"class_list":["post-1923","page","type-page","status-publish","hentry"],"_links":{"self":[{"href":"https:\/\/cn.cnmza.org.ar\/index.php?rest_route=\/wp\/v2\/pages\/1923","targetHints":{"allow":["GET"]}}],"collection":[{"href":"https:\/\/cn.cnmza.org.ar\/index.php?rest_route=\/wp\/v2\/pages"}],"about":[{"href":"https:\/\/cn.cnmza.org.ar\/index.php?rest_route=\/wp\/v2\/types\/page"}],"author":[{"embeddable":true,"href":"https:\/\/cn.cnmza.org.ar\/index.php?rest_route=\/wp\/v2\/users\/19"}],"replies":[{"embeddable":true,"href":"https:\/\/cn.cnmza.org.ar\/index.php?rest_route=%2Fwp%2Fv2%2Fcomments&post=1923"}],"version-history":[{"count":10,"href":"https:\/\/cn.cnmza.org.ar\/index.php?rest_route=\/wp\/v2\/pages\/1923\/revisions"}],"predecessor-version":[{"id":7245,"href":"https:\/\/cn.cnmza.org.ar\/index.php?rest_route=\/wp\/v2\/pages\/1923\/revisions\/7245"}],"up":[{"embeddable":true,"href":"https:\/\/cn.cnmza.org.ar\/index.php?rest_route=\/wp\/v2\/pages\/27"}],"wp:attachment":[{"href":"https:\/\/cn.cnmza.org.ar\/index.php?rest_route=%2Fwp%2Fv2%2Fmedia&parent=1923"}],"curies":[{"name":"wp","href":"https:\/\/api.w.org\/{rel}","templated":true}]}}