{"id":1557,"date":"2016-11-03T12:26:18","date_gmt":"2016-11-03T15:26:18","guid":{"rendered":"http:\/\/cn.cnmza.org.ar\/?page_id=1557"},"modified":"2026-03-25T08:24:27","modified_gmt":"2026-03-25T11:24:27","slug":"servicios-legalizaciones","status":"publish","type":"page","link":"https:\/\/cn.cnmza.org.ar\/?page_id=1557","title":{"rendered":"Servicios &#8211; Legalizaciones"},"content":{"rendered":"\n<h2 class=\"wp-block-heading\">LEGALIZACIONES<\/h2>\n\n\n\n<h3 class=\"wp-block-heading\">1\u00aa Circunscripci\u00f3n (Patricias Mendocinas 756, Ciudad de Mendoza)<\/h3>\n\n\n\n<p><strong>- SIMPLES:\u00a0$28.000 (valor vigente a partir del\u00a025 de\u00a0Marzo del\u00a02026)<\/strong><\/p>\n\n\n\n<p>Recepci\u00f3n: de 8 a 14:00 -&gt; Entrega: de 14:00 a 16:00<\/p>\n\n\n\n<p>Recepci\u00f3n: de 14:00 a 15:30 -&gt; Entrega al d\u00eda siguiente h\u00e1bil a partir de las 10 horas<\/p>\n\n\n\n<p><strong>- EXTRAORDINARIAS: $53.500 (valor vigente a partir del\u00a0<strong><strong><strong>25 de\u00a0Marzo del\u00a02026<\/strong><\/strong><\/strong>)<\/strong><\/p>\n\n\n\n<p>Recepci\u00f3n: 8:00 a 15:30<\/p>\n\n\n\n<p>Entrega: hasta 1 hora aproximada desde la <strong>recepci\u00f3n<\/strong> de la legalizaci\u00f3n.<\/p>\n\n\n\n<p>Tr\u00e1mite urgente a las 24 horas h\u00e1biles.<\/p>\n\n\n\n<h3 class=\"wp-block-heading\">2\u00aa Circunscripci\u00f3n (Bernardo de Irigoyen 127 - San Rafael)<\/h3>\n\n\n\n<h3 class=\"wp-block-heading\"><strong>En la ma\u00f1ana<\/strong><\/h3>\n\n\n\n<p>Legalizaciones simples 8:00 a 12:00 hs<br>Valor <strong><strong>$28.000<\/strong>.-\u00a0(<strong>valor vigente a partir del\u00a0<strong><strong><strong>25 de\u00a0Marzo del\u00a02026<\/strong><\/strong><\/strong><\/strong>)<\/strong><br>Legalizaciones extraordinarias 12:00 a 12:45<br>Valor <strong><strong>$53.500<\/strong>.-\u00a0(<strong>valor vigente a partir del\u00a0<strong><strong><strong>25 de\u00a0Marzo del\u00a02026<\/strong><\/strong><\/strong><\/strong>)<\/strong><br>Apostillas: Recepci\u00f3n: en horario matutino.-<\/p>\n\n\n\n<h3 class=\"wp-block-heading\">Horario de entrega:<\/h3>\n\n\n\n<p><strong>Simple: 13 horas<\/strong><br><strong>Extraordinaria 13 a 14 horas<\/strong><br>Delegaci\u00f3n General Alvear (Bartolome Mitre 126 - Gral. Alvear)<\/p>\n\n\n\n<h3 class=\"wp-block-heading\">3\u00aa Circunscripci\u00f3n (Avellaneda 350 - San Mart\u00edn) y Delegaci\u00f3n Rivadavia (Arist\u00f3bulo del Valle 45. Local 5 - Rivadavia)<\/h3>\n\n\n\n<p>Horario recepci\u00f3n y entrega:<\/p>\n\n\n\n<p><strong>En la ma\u00f1ana<\/strong><\/p>\n\n\n\n<p>Legalizaciones Simples: de 9 a 17 hs<strong>&nbsp;<\/strong><\/p>\n\n\n\n<p>Valor: <strong>$<strong><strong>28.000<\/strong><\/strong> (<strong><strong>valor vigente a partir del\u00a0<strong><strong><strong>25 de\u00a0Marzo del\u00a02026<\/strong><\/strong><\/strong><\/strong><\/strong>)<\/strong><\/p>\n\n\n\n<p>Legalizaciones Extraordinarias de 9 a 17 hs<\/p>\n\n\n\n<p>Valor: <strong>$<strong><strong>53.500<\/strong><\/strong> (<strong><strong>valor vigente a partir del\u00a0<strong><strong><strong>25 de\u00a0Marzo del\u00a02026<\/strong><\/strong><\/strong><\/strong><\/strong>)<\/strong><\/p>\n\n\n\n<h3 class=\"wp-block-heading\">Horario entrega:<\/h3>\n\n\n\n<p>Apostilla de la Haya: Tr\u00e1mite de 24 horas<\/p>\n\n\n\n<p>Desde el horario de facturaci\u00f3n a las 24 horas<\/p>\n\n\n\n<h4 class=\"wp-block-heading\">Las legalizaciones se entregar\u00e1n exclusivamente con el n\u00famero.&nbsp;<strong>\"No se podr\u00e1 entregar la documentaci\u00f3n sin el n\u00famero correspondiente\"<\/strong><\/h4>\n","protected":false},"excerpt":{"rendered":"LEGALIZACIONES 1\u00aa Circunscripci\u00f3n (Patricias Mendocinas 756, Ciudad de Mendoza) &#8211; SIMPLES:\u00a0$28.000 (valor vigente a partir del\u00a025 de\u00a0Marzo del\u00a02026) Recepci\u00f3n: de 8 a 14:00 -&gt; Entrega: de 14:00 a 16:00 Recepci\u00f3n: de 14:00 a 15:30 -&gt; Entrega al d\u00eda siguiente h\u00e1bil a partir de las 10 horas &#8211; EXTRAORDINARIAS: $53.500 (valor vigente a partir del\u00a025 de\u00a0Marzo [&hellip;]","protected":false},"author":19,"featured_media":0,"parent":0,"menu_order":0,"comment_status":"closed","ping_status":"closed","template":"colegio_autoridades.php","meta":{"_cbd_carousel_blocks":"[]","footnotes":""},"class_list":["post-1557","page","type-page","status-publish","hentry"],"_links":{"self":[{"href":"https:\/\/cn.cnmza.org.ar\/index.php?rest_route=\/wp\/v2\/pages\/1557","targetHints":{"allow":["GET"]}}],"collection":[{"href":"https:\/\/cn.cnmza.org.ar\/index.php?rest_route=\/wp\/v2\/pages"}],"about":[{"href":"https:\/\/cn.cnmza.org.ar\/index.php?rest_route=\/wp\/v2\/types\/page"}],"author":[{"embeddable":true,"href":"https:\/\/cn.cnmza.org.ar\/index.php?rest_route=\/wp\/v2\/users\/19"}],"replies":[{"embeddable":true,"href":"https:\/\/cn.cnmza.org.ar\/index.php?rest_route=%2Fwp%2Fv2%2Fcomments&post=1557"}],"version-history":[{"count":57,"href":"https:\/\/cn.cnmza.org.ar\/index.php?rest_route=\/wp\/v2\/pages\/1557\/revisions"}],"predecessor-version":[{"id":7295,"href":"https:\/\/cn.cnmza.org.ar\/index.php?rest_route=\/wp\/v2\/pages\/1557\/revisions\/7295"}],"wp:attachment":[{"href":"https:\/\/cn.cnmza.org.ar\/index.php?rest_route=%2Fwp%2Fv2%2Fmedia&parent=1557"}],"curies":[{"name":"wp","href":"https:\/\/api.w.org\/{rel}","templated":true}]}}