{"id":15,"date":"2015-11-23T13:24:47","date_gmt":"2015-11-23T16:24:47","guid":{"rendered":"http:\/\/cnm.dondemires.com\/?page_id=15"},"modified":"2023-06-02T17:10:10","modified_gmt":"2023-06-02T20:10:10","slug":"colegio_tribunal","status":"publish","type":"page","link":"https:\/\/cn.cnmza.org.ar\/?page_id=15","title":{"rendered":"Colegio notarial &#8211; Tribunal de \u00e9tica"},"content":{"rendered":"\r\n<h2><\/h2>\r\n<h2>Autoridades Tribunal de \u00c9TICA (2023-2027)<\/h2>\r\n<p><strong>Presidente:<br \/><\/strong>Not. David Igancio Gui\u00f1az\u00fa<br \/><br \/><strong>Secretario:<br \/><\/strong>Not. Mar\u00eda Marta D\u00edaz<strong><br \/><br \/>Vocal Titular:<br \/><\/strong>Esc. Julio Roberto Luj\u00e1n<br \/><br \/><strong>Vocales Suplentes:<br \/><\/strong>Not. Jorge Mart\u00edn Villalba<br \/>Not. Mar\u00eda Julieta Jaenisch<br \/>Esc. Susana Margarita Llaver<\/p>\r\n<p>Sesiona los martes de 10:00 a 12:00 hs.<br \/>Sede del Colegio Notarial de Mendoza.<\/p>\r\n<p>Secretaria del Tribunal : Doc. Florencia P. GONZALEZ \u00a0\u00a0<br \/>Email: <a href=\"mailto:tribunaletica@cnmza.org.ar\">tribunaletica@cnmza.org.ar<\/a><\/p>\r\n","protected":false},"excerpt":{"rendered":"Autoridades Tribunal de \u00c9TICA (2023-2027) Presidente:Not. David Igancio Gui\u00f1az\u00faSecretario:Not. Mar\u00eda Marta D\u00edazVocal Titular:Esc. Julio Roberto Luj\u00e1nVocales Suplentes:Not. Jorge Mart\u00edn VillalbaNot. Mar\u00eda Julieta JaenischEsc. Susana Margarita Llaver Sesiona los martes de 10:00 a 12:00 hs.Sede del Colegio Notarial de Mendoza. Secretaria del Tribunal : Doc. Florencia P. GONZALEZ \u00a0\u00a0Email: tribunaletica@cnmza.org.ar","protected":false},"author":19,"featured_media":101,"parent":0,"menu_order":4,"comment_status":"closed","ping_status":"closed","template":"servicios_ap_apostillas.php","meta":{"_cbd_carousel_blocks":"[]","footnotes":""},"class_list":["post-15","page","type-page","status-publish","has-post-thumbnail","hentry"],"_links":{"self":[{"href":"https:\/\/cn.cnmza.org.ar\/index.php?rest_route=\/wp\/v2\/pages\/15","targetHints":{"allow":["GET"]}}],"collection":[{"href":"https:\/\/cn.cnmza.org.ar\/index.php?rest_route=\/wp\/v2\/pages"}],"about":[{"href":"https:\/\/cn.cnmza.org.ar\/index.php?rest_route=\/wp\/v2\/types\/page"}],"author":[{"embeddable":true,"href":"https:\/\/cn.cnmza.org.ar\/index.php?rest_route=\/wp\/v2\/users\/19"}],"replies":[{"embeddable":true,"href":"https:\/\/cn.cnmza.org.ar\/index.php?rest_route=%2Fwp%2Fv2%2Fcomments&post=15"}],"version-history":[{"count":19,"href":"https:\/\/cn.cnmza.org.ar\/index.php?rest_route=\/wp\/v2\/pages\/15\/revisions"}],"predecessor-version":[{"id":6504,"href":"https:\/\/cn.cnmza.org.ar\/index.php?rest_route=\/wp\/v2\/pages\/15\/revisions\/6504"}],"wp:featuredmedia":[{"embeddable":true,"href":"https:\/\/cn.cnmza.org.ar\/index.php?rest_route=\/wp\/v2\/media\/101"}],"wp:attachment":[{"href":"https:\/\/cn.cnmza.org.ar\/index.php?rest_route=%2Fwp%2Fv2%2Fmedia&parent=15"}],"curies":[{"name":"wp","href":"https:\/\/api.w.org\/{rel}","templated":true}]}}