{"id":13,"date":"2015-11-23T13:23:29","date_gmt":"2015-11-23T13:23:29","guid":{"rendered":"http:\/\/cnm.dondemires.com\/?page_id=13"},"modified":"2016-04-14T09:28:17","modified_gmt":"2016-04-14T12:28:17","slug":"colegio_colegios","status":"publish","type":"page","link":"https:\/\/cn.cnmza.org.ar\/?page_id=13","title":{"rendered":"Colegio notarial &#8211; Colegios notariales del pa\u00eds"},"content":{"rendered":"\r\n<h3>Buenos Aires \/ Provincia<\/h3>\r\n<p>Ubicaci\u00f3n: Av. Gral. Las Heras 1833 \u00b7 Tel\u00e9fono: +54 (011) 4809-7000 <br \/>Email: secretaria@escribanos.org.ar <br \/>Sitio Web: <a href=\"http:\/\/www.escribanos.org.ar\" target=\"_blank\">www.escribanos.org.ar<\/a><\/p>\r\n<h3>Buenos Aires \/ Capital<\/h3>\r\n<p>Ubicaci\u00f3n: Calle 13 N 770 La PLata (1900) \u00b7 Tel\u00e9fono: +54 (0221) 4231136 <br \/>Email: secretaria@escribanos.org.ar <br \/>Sitio Web: <a href=\"http:\/\/www.escribanos.org.ar\" target=\"_blank\">www.escribanos.org.ar<\/a><\/p>\r\n<h3>Catamarca<\/h3>\r\n<p>Ubicaci\u00f3n: Av. Italia 123 \u00b7 Tel\u00e9fono: +54 (0362) 443-0551 <br \/>Email: escribanoscatamarca@gmail.com <br \/>Sitio Web: <a href=\"http:\/\/www.escribanoscatamarca.com.ar\" target=\"_blank\">www.escribanoscatamarca.com.ar<\/a><\/p>\r\n<h3>Chaco<\/h3>\r\n<p>Ubicaci\u00f3n: Calle 13 N 770 \u00b7 Tel\u00e9fono: +54 (03624) 4231136 <br \/>Email: escribanoschaco@gmail.com <br \/>Sitio Web: <a href=\"http:\/\/www.escribanoschaco.org.ar\/chaco\/\" target=\"_blank\">www.escribanoschaco.org.ar\/chaco\/<\/a><\/p>\r\n<h3>Chubut<\/h3>\r\n<p>Ubicaci\u00f3n: Edison 475 \u00b7 Tel\u00e9fono: +54 (0280) 443-4433 <br \/>Email: <br \/>Sitio Web: <a href=\"http:\/\/colegioescribanoschubut.org\" target=\"_blank\">colegioescribanoschubut.org<\/a><\/p>\r\n<h3>C\u00f3rdoba<\/h3>\r\n<p>Ubicaci\u00f3n: Obispo Trejo 104 Barrio Centro \u00b7 Tel\u00e9fono: +54 (0351) 570-6500 <br \/>Email: info@escribanos.org.ar <br \/>Sitio Web: <a href=\"http:\/\/escribanos.org.ar\" target=\"_blank\">escribanos.org.ar<\/a><\/p>\r\n<h3>Corrientes<\/h3>\r\n<p>Ubicaci\u00f3n: 9 de Julio 1165 \u00b7 Tel\u00e9fono: +54 (0379) 442-4902 <br \/>Email: <br \/>Sitio Web: <a href=\"http:\/\/www.cec.org.ar\" target=\"_blank\">www.cec.org.ar<\/a><\/p>\r\n<h3>Entre R\u00edos<\/h3>\r\n<p>Ubicaci\u00f3n: Urquiza 1180 Paran\u00e1 \u00b7 Tel\u00e9fono: +54 (0343) 4231555 \/ 0651 \/ 0857 <br \/>Email: <br \/>Sitio Web: <a href=\"http:\/\/www.escribanos-er.org.ar\/portada\/\" target=\"_blank\">www.escribanos-er.org.ar\/portada\/<\/a><\/p>\r\n<h3>Formosa<\/h3>\r\n<p>Ubicaci\u00f3n: Padre Pati\u00f1o 812, 3600 \u00b7 Tel\u00e9fono: +54 (0370) 443-1837 <br \/>Email: admin@notarfor2009.arnetbiz.com.ar <br \/>Sitio Web: <a href=\"http:\/\/www.notarfor.com.ar\" target=\"_blank\">www.notarfor.com.ar<\/a><\/p>\r\n<h3>Jujuy<\/h3>\r\n<p>Ubicaci\u00f3n: Avda. 19 de Abril N 415 \u00b7 Tel\u00e9fono: +54 (0388) 4225314 <br \/>Email: escriban@notariadoargentino.org.ar <br \/>Sitio Web: <a href=\"http:\/\/www.notariadoargentino.org.ar\" target=\"_blank\">www.notariadoargentino.org.ar<\/a><\/p>\r\n<h3>La Pampa<\/h3>\r\n<p>Ubicaci\u00f3n: 25 de Mayo 434, 6300 \u00b7 Tel\u00e9fono: +54 (02954) 422252 \/ 431757 <br \/>Email: colegioesrcibanoslp@colegioescribanoslp.com.ar <br \/> Sitio Web: <a href=\"http:\/\/www.colegioescribanoslp.com.ar\" target=\"_blank\">http:\/\/www.colegioescribanoslp.com.ar<\/a><\/p>\r\n<h3>La Rioja<\/h3>\r\n<p>Ubicaci\u00f3n: Av de la Rep\u00fablica Argentina, 9, 26007 Logro\u00f1o \u00b7 Tel\u00e9fono: +54 (0380) 4427868 <br \/>Email: <br \/>Sito Web: <a href=\"http:\/\/www.escribanoslarioja.com.ar\" target=\"_blank\">www.escribanoslarioja.com.ar<\/a><\/p>\r\n<h3>Misiones<\/h3>\r\n<p>Ubicaci\u00f3n: 25 de Mayo 1793 \u00b7 Tel\u00e9fono: +54 (0376) 442-1105 <br \/>Email: <br \/>Sitio Web: <a href=\"http:\/\/www.colegionotarialmisiones.com\" target=\"_blank\">www.colegionotarialmisiones.com<\/a><\/p>\r\n<h3>Neuquen<\/h3>\r\n<p>Ubicacion: Sta Fe 155, 8300 \u00b7 Tel\u00e9fono: +54 (0299) 443-1950 <br \/>Email: secretaria@escribanosnqn.org.ar <br \/>Sitio Web: <a href=\"http:\/\/www.escribanosnqn.org.ar\" target=\"_blank\">www.escribanosnqn.org.ar<\/a><\/p>\r\n<h3>Rio Negro<\/h3>\r\n<p>Ubicaci\u00f3n: Don Bosco 1380, Cipolletti \u00b7 Tel\u00e9fono: +54 (0298) 442-5536<\/p>\r\n<p>Sistio Web:\u00a0<a href=\"http:\/\/www.rionegro.gov.ar\/?contID=20646\" target=\"_blank\">www.rionegro.gov.ar\/?contID=20646<\/a><\/p>\r\n<h3>Salta<\/h3>\r\n<p>Ubicaci\u00f3n: Bartolom\u00e9 Mitre 384 \u00b7 Tel\u00e9fono: +54 (0387) 422-0332 <br \/>Email: contacto@escribanos-salta.org.ar <br \/>Sitio Web: www.escribanos-salta.org.ar<\/p>\r\n<h3>San Luis<\/h3>\r\n<p>Ubicaci\u00f3n: Rivadavia 374, 5702 \u00b7 Tel\u00e9fono: +54 (02664) -432787 <br \/>Email: secadministrativa@cesl.org.ar <br \/>Sitio Web: www.cesl.org.ar<\/p>\r\n<h3>San Juan<\/h3>\r\n<p>Ubicaci\u00f3n: Mitre Oeste 348, 5400 <br \/> Sitio Web: cajanotarial-sj.com.ar\/index.html<\/p>\r\n<h3>Santa Cruz<\/h3>\r\n<p>Telefono (02966) 422827-422654<\/p>\r\n<h3>Santa Fe - 1ra. Circ<\/h3>\r\n<p>Ubicaci\u00f3n: San Mart\u00edn 1920 - Ciudad de Santa Fe - CP3000 \u00b7 Tel\u00e9fono: +54 (0342) - 4593993 \/ 4592889 <br \/> E-mail: secretaria@coessfe1.org.ar <br \/> Sitio Web: www.coessfe1.org.ar\/web2009\/index.php<\/p>\r\n<h3>Santa Fe - 2da. Circ<\/h3>\r\n<p>Ubicaci\u00f3n: C\u00f3rdoba 1852 - Rosario \u00b7 Telefono: +54 (0341&gt; - 4257075 <br \/>E-mail: secretaria@colescribanosros.org.ar <br \/>Sitio Web: www.escribanos-stafe2da.org.ar<\/p>\r\n<h3>Santiago del Estero<\/h3>\r\n<p>Ubicaci\u00f3n: Tucum\u00e1n 393 \u00b7 Telefono: +54 (0385) 424-1254 <br \/>E-mail: info@colegionotarialsdr.com.ar <br \/>Sitio Web: www.colegionotarialsde.com.ar<\/p>\r\n<h3>Tierra del Fuego<\/h3>\r\n<p>Ubicaci\u00f3n: Av. San Mart\u00edn 754 \u00b7 Telefono: +54 (02964) 42-7209<\/p>\r\n<h3>Tucum\u00e1n<\/h3>\r\n<p>Ubicaci\u00f3n: Cris\u00f3stomo \u00c1lvarez 465, 4000 San Miguel de Tucum\u00e1n \u00b7 Telefono:+54 (0381) 422-5353 <br \/>Sitio Web: www.colesctuc.com\/index.php<\/p>\r\n","protected":false},"excerpt":{"rendered":"Buenos Aires \/ Provincia Ubicaci\u00f3n: Av. Gral. Las Heras 1833 \u00b7 Tel\u00e9fono: +54 (011) 4809-7000 Email: secretaria@escribanos.org.ar Sitio Web: www.escribanos.org.ar Buenos Aires \/ Capital Ubicaci\u00f3n: Calle 13 N 770 La PLata (1900) \u00b7 Tel\u00e9fono: +54 (0221) 4231136 Email: secretaria@escribanos.org.ar Sitio Web: www.escribanos.org.ar Catamarca Ubicaci\u00f3n: Av. Italia 123 \u00b7 Tel\u00e9fono: +54 (0362) 443-0551 Email: escribanoscatamarca@gmail.com Sitio [&hellip;]","protected":false},"author":19,"featured_media":0,"parent":0,"menu_order":0,"comment_status":"closed","ping_status":"closed","template":"colegio_colegios.php","meta":{"_cbd_carousel_blocks":"[]","footnotes":""},"class_list":["post-13","page","type-page","status-publish","hentry"],"_links":{"self":[{"href":"https:\/\/cn.cnmza.org.ar\/index.php?rest_route=\/wp\/v2\/pages\/13","targetHints":{"allow":["GET"]}}],"collection":[{"href":"https:\/\/cn.cnmza.org.ar\/index.php?rest_route=\/wp\/v2\/pages"}],"about":[{"href":"https:\/\/cn.cnmza.org.ar\/index.php?rest_route=\/wp\/v2\/types\/page"}],"author":[{"embeddable":true,"href":"https:\/\/cn.cnmza.org.ar\/index.php?rest_route=\/wp\/v2\/users\/19"}],"replies":[{"embeddable":true,"href":"https:\/\/cn.cnmza.org.ar\/index.php?rest_route=%2Fwp%2Fv2%2Fcomments&post=13"}],"version-history":[{"count":33,"href":"https:\/\/cn.cnmza.org.ar\/index.php?rest_route=\/wp\/v2\/pages\/13\/revisions"}],"predecessor-version":[{"id":499,"href":"https:\/\/cn.cnmza.org.ar\/index.php?rest_route=\/wp\/v2\/pages\/13\/revisions\/499"}],"wp:attachment":[{"href":"https:\/\/cn.cnmza.org.ar\/index.php?rest_route=%2Fwp%2Fv2%2Fmedia&parent=13"}],"curies":[{"name":"wp","href":"https:\/\/api.w.org\/{rel}","templated":true}]}}