{"id":126,"date":"2015-11-23T20:26:17","date_gmt":"2015-11-23T20:26:17","guid":{"rendered":"http:\/\/cnm.dondemires.com\/?page_id=126"},"modified":"2017-06-21T08:26:35","modified_gmt":"2017-06-21T11:26:35","slug":"baul_boletas","status":"publish","type":"page","link":"https:\/\/cn.cnmza.org.ar\/?page_id=126","title":{"rendered":"Tramitando &#8211; Boletas &#8211; Formularios"},"content":{"rendered":"\r\n<h3>Capital<\/h3>\r\n<p><strong> Boleta <\/strong>: <a href=\"http:\/\/www.cnmza.org.ar\/images\/novel\/pdf\/baul_boletas\/DECLARACION%20JURADA%20MUNICIPALIDAD.doc\" target=\"_blank\">Descargar<\/a><\/p>\r\n<p><strong>Tel\u00e9fono<\/strong>: +54 (0261) 4495123\/28<\/p>\r\n<p><strong>Tramitaci\u00f3n<\/strong>:<\/p>\r\n<h4><strong>Hay dos formas de tramitar la transferencia:<\/strong><\/h4>\r\n<p><strong>A)por la v\u00eda tradicional:<\/strong><br \/> <strong>1.<\/strong>Se presenta la Boleta de transferencia. puede bajarse la pagina web de la municipalidad,<br \/> <strong>2.<\/strong>Se acompa\u00f1a copia del plano, copia del certificado catastral, Declaraci\u00f3n Jurada\u00a0y constancia de CUIT\/L de los adquirentes.<br \/> <strong>B) via Web\u00a0(es m\u00e1s econ\u00f3mico que el valor de la tramitaci\u00f3n v\u00eda tradicional)<\/strong><\/p>\r\n<p>1. Crear un \"usuario\" para lo cual se debe llevar copia del DNI del Notario, solicitar un formulario en la Municipalidad, llenarlo y aproximadamente en 72 horas se habilita el usuario y contrase\u00f1a para realizar el tr\u00e1mite v\u00eda web. <br \/>2. Completar el formulario siguiendo los pasos del instructivo que proveen desde la municipalidad. <br \/>Se deben presentar escaneados: Plano, Declaraci\u00f3n Jurada, pago de deuda (de corresponder) y constancia de CUIT\/L de los adquirentes.<\/p>\r\n<h3>Godoy Cruz<\/h3>\r\n<p><strong>Tel\u00e9fono<\/strong>: +54 (0261) 4133100\/55<\/p>\r\n<p><strong>Tramitaci\u00f3n<\/strong>:<\/p>\r\n<p>1. Acompa\u00f1ar Plano de Mensura. <br \/> 2. Acompa\u00f1ar DOS copias del Certificado Catastral. <br \/> 3. Hacer firmar Declaraci\u00f3n Jurada a los interesados y adjuntar, aunque sea bald\u00edo o PH. 4. CUIL compradores<\/p>\r\n<h3>Lujan de Cuyo<\/h3>\r\n<p><strong> Boleta <\/strong>: <a href=\"http:\/\/www.cnmza.org.ar\/archivo\/2017\/Archivos\/boletas\/FORMULARIO%20TRANSFERENCIA%20LUJAN.doc\" target=\"_blank\">Descargar<\/a><\/p>\r\n<p><strong>Tel\u00e9fono<\/strong>: +54 (0261) 4989927<\/p>\r\n<p><strong>Tramitaci\u00f3n<\/strong>:<\/p>\r\n<p><strong>CON FORMULARIO ESPEC\u00cdFICO<\/strong> <br \/> <strong>1.<\/strong> Acompa\u00f1ar Plano <br \/> <strong>2.<\/strong> Acompa\u00f1ar Certificado Catastral \/ copia del certificado Catastral <br \/> <strong>3.<\/strong> Hacer firmar Declaraci\u00f3n Jurada a los interesados en la misma Boleta Municipal<\/p>\r\n<h3>Maipu<\/h3>\r\n<p><strong>Boleta<\/strong>: <a href=\"http:\/\/www.cnmza.org.ar\/images\/novel\/pdf\/baul_boletas\/DECLARACION%20JURADA%20MAIP%c3%83%c5%a1.doc\" target=\"_blank\">Descargar<\/a><\/p>\r\n<p><strong>Tel\u00e9fono<\/strong>: +54 (0261) 4972448<\/p>\r\n<p><strong>Tramitaci\u00f3n<\/strong>:<\/p>\r\n<p>1. Acompa\u00f1ar Plano de Mensura. <br \/> 2. Acompa\u00f1ar DOS copias del Certificado Catastral.<br \/> 3. Hacer firmar Declaraci\u00f3n Jurada a los interesados y adjuntar<\/p>\r\n<h3>Guaymallen<\/h3>\r\n<p><strong>Boleta<\/strong>: <a href=\"http:\/\/www.cnmza.org.ar\/images\/novel\/pdf\/baul_boletas\/DDJJ%20Guaymallen.JPG\" target=\"_blank\">Descargar<\/a><\/p>\r\n<p><strong>Tel\u00e9fono<\/strong>: +54 (0261) 4498200\/4138100<\/p>\r\n<p><strong>Tel\u00e9fono Transferencias<\/strong>: +54 (0261) 4498273<\/p>\r\n<p><strong>Tramitaci\u00f3n<\/strong>:<\/p>\r\n<p>1. Acompa\u00f1ar Plano de Mensura (ORIGINAL). <br \/> 2. Acompa\u00f1ar Certificado Catastral (ORIGINAL). <br \/> 3. Acompa\u00f1ar DOS copias del Certificado Catastral firmadas y selladas en ambos lados. <br \/> 4. Hacer firmar Declaraci\u00f3n Jurada a los interesados y adjuntar (salvo para el caso de PH) <br \/> 5. Constacia de CUIL compradores<\/p>\r\n<h3>Las Heras<\/h3>\r\n<p><strong> Formulario rubricado que provee la Municipalidad de Las Heras<\/strong>: <a href=\"http:\/\/www.cnmza.org.ar\/images\/novel\/pdf\/baul_boletas\/DDJJ%20%28las%20heras%29.JPG\" target=\"_blank\">Descargar<\/a><\/p>\r\n<p><strong>Tel\u00e9fono<\/strong>: +54 (0261) 4304000<\/p>\r\n<p><strong>Tramitaci\u00f3n<\/strong>:<\/p>\r\n<p>CON FORMULARIO ESPEC\u00cdFICO <br \/> 1. Acompa\u00f1ar Plano de Mensura. <br \/> 2. Acompa\u00f1ar Copia del Certificado Catastral. <br \/> 3. Hacer firmar Declaraci\u00f3n Jurada a los interesados y adjuntar<\/p>\r\n<h3>San Martin<\/h3>\r\n<p><strong>Tel\u00e9fono<\/strong>: +54 (0261) 0800-333-1167 o\u00a0(0263) 442-8987 \/ (0263) 442-8993 \/ (0263) 442-0043<\/p>\r\n<p><strong>Tramitaci\u00f3n<\/strong>:<\/p>\r\n<p>1. Acompa\u00f1ar Plano de Mensura.<br \/> 2. Acompa\u00f1ar TRES Copias del Certificado Catastral.<br \/> 3. Hacer firmar Declaraci\u00f3n Jurada a los interesados y adjuntar.<br \/> 4. Constancia CUIL de los compradores.<\/p>\r\n<h3>Rivadavia<\/h3>\r\n<p><strong>Boleta<\/strong>: <a href=\"http:\/\/www.cnmza.org.ar\/images\/novel\/pdf\/baul_boletas\/TRANFERENCIA%20Municipalidad%20Rivadavia%20reverso.JPG\" target=\"_blank\">Descargar<\/a> <br \/> <strong>Boleta<\/strong>: <a href=\"http:\/\/www.cnmza.org.ar\/images\/novel\/pdf\/baul_boletas\/TRANFERENCIA%20Municipalidad%20Rivadavia%20anverso.JPG\" target=\"_blank\">Descargar<\/a> <br \/> <strong>Tel\u00e9fono<\/strong>: +54 (02623) 444-544\u00a0 \/ 444-980 <br \/> <strong>Tramitaci\u00f3n<\/strong>: <br \/> CON FORMULARIO ESPECIFICO <br \/> 1. Acompa\u00f1ar DOS COPIAS del Plano de Mensura <br \/> 2. Acompa\u00f1ar Copia del Certificado Catastral. <br \/> 3. Hacer firmar Declaraci\u00f3n Jurada a los interesados y adjuntar<\/p>\r\n<h3>Tunuyan<\/h3>\r\n<p><strong>Boleta<\/strong>: <a href=\"http:\/\/www.cnmza.org.ar\/images\/novel\/pdf\/baul_boletas\/Boleta%20Municipalidad%20Tunuyan.PDF\" target=\"_blank\">Descargar<\/a><\/p>\r\n<p><strong>Tel\u00e9fono<\/strong>: +54 (02622) 42-2193 \/ 444-980<\/p>\r\n<p><strong>Tramitaci\u00f3n<\/strong>: <br \/> CON FORMULARIO ESPECIFICO <br \/> 1. Acompa\u00f1ar Copia del Plano de Mensura. <br \/> 2. Acompa\u00f1ar Copia del Certificado Catastral. <br \/> 3. Hacer firmar Declaraci\u00f3n Jurada a los interesados y adjuntar<\/p>\r\n<h3>Tupungato<\/h3>\r\n<p><strong>Boleta<\/strong>: Formulario de Transferencia impreso que provee la Municpalidad<\/p>\r\n<p><strong>Tel\u00e9fono<\/strong>: +54 (02622) 48-8015<\/p>\r\n<p><strong>Tramitaci\u00f3n<\/strong>:<\/p>\r\n<p>CON FORMULARIO ESPEC\u00cdFICO <br \/> 1. Acompa\u00f1ar Copia del Plano de Mensura. <br \/> 2. Acompa\u00f1ar Copia del Certificado Catastral. <br \/> 3. Hacer firmar Declaraci\u00f3n Jurada a los interesados y adjuntar<\/p>\r\n<h3>Catastro<\/h3>\r\n<p><strong>Archivo <\/strong>: <a href=\"http:\/\/www.cnmza.org.ar\/images\/novel\/pdf\/baul_boletas\/CATASTRAL.doc\" target=\"_blank\">Descargar<\/a><\/p>\r\n<p><strong>Tel\u00e9fono<\/strong>: +54 (0261) 4492338 \/ 4492343 (Planos)<\/p>\r\n<p><strong>Tramitaci\u00f3n<\/strong>: <br \/> 1. Completar formulario adjunto <br \/> 2. Comprar C\u00f3digo N\u00ba 113 (para tr\u00e1mite normal) y N\u00ba 534 (para tr\u00e1mite urgente) en Bolsa de Comercio o Banco Naci\u00f3n. <br \/> 3. Adjuntar constancia de CUIL\/T de\/l adquirente\/s. <br \/> 4. Adjuntar Plano de Mensura ORIGINAL<\/p>\r\n<h3>AYSAM<\/h3>\r\n<p><strong>Archivo <\/strong>: <a href=\"http:\/\/www.cnmza.org.ar\/images\/novel\/pdf\/baul_boletas\/AGUAS%20MENDOCINAS.doc\" target=\"_blank\">Descargar<\/a><\/p>\r\n<p><strong>Tel\u00e9fono<\/strong>: +54 (0261) 4230003<\/p>\r\n<p><strong>Tramitaci\u00f3n<\/strong>: <br \/> 1. Formulario por TRIPLICADO <br \/> 2. Acompa\u00f1ar Plano de Mensura ORIGINAL actualizado (no m\u00e1s de 6 meses, y si el plano es m\u00e1s antiguo, acompa\u00f1ar original y copia del certificado catastral)<\/p>\r\n<h3>Irrigaci\u00f3n<\/h3>\r\n<p><strong>Archivo <\/strong>: <a href=\"http:\/\/www.cnmza.org.ar\/archivo\/2017\/Boletra%20Transferencia%20Irrigaci%C3%B3n.xls\" target=\"_blank\">Descargar<\/a><\/p>\r\n<p><strong>Tel\u00e9fono<\/strong>: +54 (0261) 4234000 Legales int 221 Informatica int 325<\/p>\r\n<p><strong>Tramitaci\u00f3n<\/strong>: <br \/> 1. Formulario por TRIPLICADO, impreso en hoja en A-4. <br \/> 2. Acompa\u00f1ar Plano de Mensura (tener cuidado con las ACORDADAS, que tienen vencimiento, y si la operaci\u00f3n no se concreta, tener la precauci\u00f3n de DAR DE BAJA el tramite para EVITAR MULTAS)<\/p>\r\n<h3>OSM S.A \/ Obras Sanitarias Sociedad del Estado<\/h3>\r\n<p>Concurrir al ente Residual a efectos de contatar que no existe deuda antigua, se debe concurrir con boleta de AySam<\/p>\r\n<p>&nbsp;<\/p>\r\n","protected":false},"excerpt":{"rendered":"Capital Boleta : Descargar Tel\u00e9fono: +54 (0261) 4495123\/28 Tramitaci\u00f3n: Hay dos formas de tramitar la transferencia: A)por la v\u00eda tradicional: 1.Se presenta la Boleta de transferencia. puede bajarse la pagina web de la municipalidad, 2.Se acompa\u00f1a copia del plano, copia del certificado catastral, Declaraci\u00f3n Jurada\u00a0y constancia de CUIT\/L de los adquirentes. B) via Web\u00a0(es m\u00e1s [&hellip;]","protected":false},"author":19,"featured_media":0,"parent":0,"menu_order":0,"comment_status":"closed","ping_status":"closed","template":"colegio_circunscripciones.php","meta":{"_cbd_carousel_blocks":"[]","footnotes":""},"class_list":["post-126","page","type-page","status-publish","hentry"],"_links":{"self":[{"href":"https:\/\/cn.cnmza.org.ar\/index.php?rest_route=\/wp\/v2\/pages\/126","targetHints":{"allow":["GET"]}}],"collection":[{"href":"https:\/\/cn.cnmza.org.ar\/index.php?rest_route=\/wp\/v2\/pages"}],"about":[{"href":"https:\/\/cn.cnmza.org.ar\/index.php?rest_route=\/wp\/v2\/types\/page"}],"author":[{"embeddable":true,"href":"https:\/\/cn.cnmza.org.ar\/index.php?rest_route=\/wp\/v2\/users\/19"}],"replies":[{"embeddable":true,"href":"https:\/\/cn.cnmza.org.ar\/index.php?rest_route=%2Fwp%2Fv2%2Fcomments&post=126"}],"version-history":[{"count":37,"href":"https:\/\/cn.cnmza.org.ar\/index.php?rest_route=\/wp\/v2\/pages\/126\/revisions"}],"predecessor-version":[{"id":2075,"href":"https:\/\/cn.cnmza.org.ar\/index.php?rest_route=\/wp\/v2\/pages\/126\/revisions\/2075"}],"wp:attachment":[{"href":"https:\/\/cn.cnmza.org.ar\/index.php?rest_route=%2Fwp%2Fv2%2Fmedia&parent=126"}],"curies":[{"name":"wp","href":"https:\/\/api.w.org\/{rel}","templated":true}]}}