{"id":11,"date":"2015-11-23T13:22:36","date_gmt":"2015-11-23T16:22:36","guid":{"rendered":"http:\/\/cnm.dondemires.com\/?page_id=11"},"modified":"2020-08-24T12:01:24","modified_gmt":"2020-08-24T15:01:24","slug":"colegio_circunscripciones","status":"publish","type":"page","link":"https:\/\/cn.cnmza.org.ar\/?page_id=11","title":{"rendered":"Colegio notarial &#8211; Circunscripciones"},"content":{"rendered":"\r\n<h3>Primera Circunscripci\u00f3n<\/h3>\r\n<p>Ubicaci\u00f3n: Patricias Mendocinas 756 Mendoza (5500) \u00b7 Tel\u00e9fono: +54 (0261) 4298805 <br \/>Presidente: Not. Luis TONELLI VENIER<br \/>Email: <a href=\"mailto:primera@cnmza.org.ar\">primera@cnmza.org.ar<\/a><\/p>\r\n<p>Delegaci\u00f3n Valle de Uco <br \/>Ubicaci\u00f3n: Rep\u00fablica del L\u00edbano 126 (5560) Tunuy\u00e1n \u00b7 Tel\u00e9fono: +54 (02622) 425119 <br \/>Responsable: Not. Cecilia CARLETI\u00a0<br \/>Email: <a href=\"mailto:valledeuco@cnmza.org.ar\">valledeuco@cnmza.org.ar<\/a><\/p>\r\n<h3>Segunda Circunscripci\u00f3n<\/h3>\r\n<p>Ubicaci\u00f3n: Bernardo Irigoyen 127. San Rafael (5600) \u00b7 Tel\u00e9fono: +54 (0260)\u00a04424938<br \/>Presidente: Not. Jorge Liberto ROMERA<br \/>Email: <a href=\"mailto:segunda@cnmza.org.ar\">segunda@cnmza.org.ar<\/a><\/p>\r\n<p>Horarios de Atenci\u00f3n:<br \/>Lunes a Viernes<br \/>Venta de insumos: \u00a0De 7:30 hs. A 13:30 hs. y de\u00a017:00 hs. a 19:00 hs.<br \/>Legalizaciones Simples: De 8:00 hs. a 12:00 hs.<br \/>Legalizaciones Extraordinarias: De 12:00 hs. A 12:45 hs. y de\u00a017:00 hs. a 18:30 hs.<\/p>\r\n<p>Delegaci\u00f3n\u00a0General Alvear<br \/>Ubicaci\u00f3n: Bartolome Mitre\u00a0123 (5620) General Alvear. Tel\u00e9fono: +54 (02625) 424536\u00a0<br \/>Email: <a href=\"mailto:galvear@cnmza.org.ar\">galvear@cnmza.org.ar<\/a><\/p>\r\n<p>Delegaci\u00f3n Malargue<\/p>\r\n<p>Venta de Insumos Delegaciones:<\/p>\r\n<p>Ma\u00f1ana de 9:30hs. a 12:00 hs.\u00a0Tarde de 15:30 hs. a 16:30 hs.<\/p>\r\n<p>Recepci\u00f3n de Legalizaciones Delegaciones:<\/p>\r\n<p>Simples: Ma\u00f1ana de 9:30 hs. a 11:30 hs. Entrega de 12:00 hs. a 12:30 hs.\u00a0Tarde de 15:30 hs. a 16:30 hs. Entrega: 16:45 hs. a 17:00 hs.<\/p>\r\n<p>Extraordinarias: Ma\u00f1ana de 11:20 hs a 12 hs. Tarde de 16 hs a 18:15 hs.<\/p>\r\n<h3>Tercera Circunscripci\u00f3n<\/h3>\r\n<p>Ubicaci\u00f3n: Avellaneda 350.\u00a0San Mart\u00edn (5570) \u00b7 Tel\u00e9fono: +54 (0263) 4421430\u00a0<br \/>Presidente: Not.\u00a0Adriana Elsa BADUI<br \/>Email: <a href=\"mailto:tercera@cnmza.org.ar\">tercera@cnmza.org.ar<\/a><\/p>\r\n<p>Recepci\u00f3n de Legalizaciones Simples: 9 hs a 11:00. Entrega 13 hs.<\/p>\r\n<p>\u00a0 \u00a0 \u00a0 \u00a0 \u00a0 \u00a0 \u00a0 \u00a0 \u00a0 \u00a0 \u00a0 \u00a0 \u00a0 \u00a0 \u00a0 \u00a0 \u00a0 \u00a0 \u00a0 \u00a0 \u00a0 \u00a0 \u00a0 \u00a0 \u00a0 \u00a0 \u00a0 \u00a0 \u00a0 \u00a0 \u00a0 \u00a0 \u00a0 11 hs a 13:00. Entrega 15:30 hs.<\/p>\r\n<p>Recepci\u00f3n de Legalizaciones Extraordinarias: 11:00 hs a 12:30 hs. Entrega 13:30 hs.<\/p>\r\n<p>\u00a0 \u00a0 \u00a0 \u00a0 \u00a0 \u00a0 \u00a0 \u00a0 \u00a0 \u00a0 \u00a0 \u00a0 \u00a0 \u00a0 \u00a0 \u00a0 \u00a0 \u00a0 \u00a0 \u00a0 \u00a0 \u00a0 \u00a0 \u00a0 \u00a0 \u00a0 \u00a0 \u00a0 \u00a0 \u00a0 \u00a0 \u00a0 \u00a0 \u00a0 \u00a0 \u00a0 \u00a0 \u00a0 \u00a0 \u00a0 13:00 hs a 15:00 hs. Entrega 15:30 hs.<\/p>\r\n<p><strong>Delegaci\u00f3n Rivadavia\u00a0<\/strong><br \/>Ubicaci\u00f3n: Anzorena 111\u00a0 (5577).\u00a0Rivadavia.\u00a0Tel\u00e9fono: +54 (0263) 4442602\u00a0<br \/>Email: <a href=\"mailto:rivadavia@cnmza.org.ar\">rivadavia@cnmza.org.ar<\/a><\/p>\r\n<p>Recepci\u00f3n de Legalizaciones Simples: 9 hs a 12:30. Entrega 13 hs.<\/p>\r\n<p>Recepci\u00f3n de Legalizaciones Extraordinarias: 12:30 hs a 15:00 hs. Entrega 15:30 hs.<\/p>\r\n<p>Horarios de atenci\u00f3n: Lunes a Viernes de 08:50 a 16:00 hs.<\/p>\r\n","protected":false},"excerpt":{"rendered":"Primera Circunscripci\u00f3n Ubicaci\u00f3n: Patricias Mendocinas 756 Mendoza (5500) \u00b7 Tel\u00e9fono: +54 (0261) 4298805 Presidente: Not. Luis TONELLI VENIEREmail: primera@cnmza.org.ar Delegaci\u00f3n Valle de Uco Ubicaci\u00f3n: Rep\u00fablica del L\u00edbano 126 (5560) Tunuy\u00e1n \u00b7 Tel\u00e9fono: +54 (02622) 425119 Responsable: Not. Cecilia CARLETI\u00a0Email: valledeuco@cnmza.org.ar Segunda Circunscripci\u00f3n Ubicaci\u00f3n: Bernardo Irigoyen 127. San Rafael (5600) \u00b7 Tel\u00e9fono: +54 (0260)\u00a04424938Presidente: Not. Jorge [&hellip;]","protected":false},"author":19,"featured_media":0,"parent":0,"menu_order":2,"comment_status":"closed","ping_status":"closed","template":"colegio_circunscripciones.php","meta":{"_cbd_carousel_blocks":"[]","footnotes":""},"class_list":["post-11","page","type-page","status-publish","hentry"],"_links":{"self":[{"href":"https:\/\/cn.cnmza.org.ar\/index.php?rest_route=\/wp\/v2\/pages\/11","targetHints":{"allow":["GET"]}}],"collection":[{"href":"https:\/\/cn.cnmza.org.ar\/index.php?rest_route=\/wp\/v2\/pages"}],"about":[{"href":"https:\/\/cn.cnmza.org.ar\/index.php?rest_route=\/wp\/v2\/types\/page"}],"author":[{"embeddable":true,"href":"https:\/\/cn.cnmza.org.ar\/index.php?rest_route=\/wp\/v2\/users\/19"}],"replies":[{"embeddable":true,"href":"https:\/\/cn.cnmza.org.ar\/index.php?rest_route=%2Fwp%2Fv2%2Fcomments&post=11"}],"version-history":[{"count":23,"href":"https:\/\/cn.cnmza.org.ar\/index.php?rest_route=\/wp\/v2\/pages\/11\/revisions"}],"predecessor-version":[{"id":5232,"href":"https:\/\/cn.cnmza.org.ar\/index.php?rest_route=\/wp\/v2\/pages\/11\/revisions\/5232"}],"wp:attachment":[{"href":"https:\/\/cn.cnmza.org.ar\/index.php?rest_route=%2Fwp%2Fv2%2Fmedia&parent=11"}],"curies":[{"name":"wp","href":"https:\/\/api.w.org\/{rel}","templated":true}]}}